{"id":62,"date":"2015-05-13T14:34:32","date_gmt":"2015-05-13T14:34:32","guid":{"rendered":"https:\/\/dev.kuenglaw-sg.ch\/?page_id=62"},"modified":"2023-09-06T10:38:21","modified_gmt":"2023-09-06T08:38:21","slug":"kontakt","status":"publish","type":"page","link":"https:\/\/dev.kuenglaw-sg.ch\/en\/kontakt\/","title":{"rendered":"Contact"},"content":{"rendered":"<p><section   class=\"fw-main-row-custom fw-main-row-top fw-section-no-padding  fw_theme_bg_fw-custom fw-section-image auto fw-content-vertical-align-middle fw-section-position-back tf-sh-a66f6d5e8b8ed74caf6acdf806dea9eb\"  style=\" background-image:url(https:\/\/dev.kuenglaw-sg.ch\/wp-content\/uploads\/2020\/12\/kueng_rechtsanwaelte_slider_2.jpg); background-repeat: no-repeat; background-position: center top; background-size: cover;\"  >\n\t\t<div class=\"fw-main-row-overlay fw_theme_bg_color_1\" style=\"opacity: 0.1;\"><\/div>\t<div class=\"fw-container-fluid\" >\n\t\t<div class=\"fw-row\">\n\t<div id=\"column-69ec8484f2e20\" class=\"fw-col-sm-12 tf-sh-27d934736df424d0d540306568ccae2f column-text-block\" >\n\t<div class=\"fw-wrap-col-inner clearfix\"   >\n\t\t\t\t<div class=\"fw-col-inner\">\n\t\t\t<div class=\"fw-heading fw-heading-center  fw-heading-with-subtitle tf-sh-e0095bd9f79158b7393254d3af89c32b\" >\n\t\t\t<h1 class=\"fw-special-title\">Contact us<\/h1>\n\t\n\t\n\t\t\t<div class=\"fw-special-subtitle\">Wie k\u00f6nnen wir Ihnen behilflich sein?<\/div>\n\t<\/div>\t\t<\/div>\n\t<\/div>\n<\/div><\/div>\n\n\t<\/div>\n\t<\/section><section   class=\"fw-main-row-custom fw-section-no-padding  auto  fw-section-position-back tf-sh-4c48f192c042531088ae4f49dc26688a\"  style=\" background-color:#fefeff;\"  >\n\t\t\t<div class=\"fw-container\" >\n\t\t<div class=\"fw-row\">\n\t<div id=\"column-69ec8484f3acd\" class=\"fw-col-sm-6 tf-sh-a948bd3960b8bd72eb89dfd54327ec3e\" >\n\t<div class=\"fw-wrap-col-inner clearfix\"   >\n\t\t\t\t<div class=\"fw-col-inner\">\n\t\t\t<div class=\"fw-heading fw-heading-center  tf-sh-47cf2567725bb042341876e9b7162545\" >\n\t\t\t<h3 class=\"fw-special-title\">Contact us<\/h3>\n\t\n\t\n\t<\/div><div class=\"fw-text-box tf-sh-a6992a3e40eceb8fc78226aedc031e7d\" >\n\t<div class=\"fw-text-inner\">\n\t\t<p>We will gladly accept your requests for processing. Do not hesitate<br \/>uns pers\u00f6nlich oder telefonisch zu kontaktieren oder nutzen Sie unser Kontakt-formular.<\/p>\n\t<\/div>\n<\/div><div class=\"fw-text-box tf-sh-5f4f1c7fb7c9b9fc210b5d8bbe7438ac\" >\n\t<div class=\"fw-text-inner\">\n\t\t<p style=\"text-align: left; padding-top: 30px;\">Our address:<br \/>K\u00fcng Rechtsanw\u00e4lte &amp; Notare AG<br \/>Haldenstrasse 10<br \/>CH-9200 Gossau<br \/>T +41 (0) 71 380 07 50<br \/>F +41 (0) 71 380 07 52<br \/><a href=\"mailto:info@dev.kuenglaw-sg.ch\">info@dev.kuenglaw-sg.ch<\/a><\/p>\n<p>UID:\u00a0CHE-421.970.521<br \/>MWSt-Nr.: CHE-421.970.521 MWST<\/p>\n<p>Bankangaben:<br \/>Konto-Nr. CH55 0690 0054 1500 1000 0<br \/>lautend auf K\u00fcng Rechtsanw\u00e4lte &amp; Notare AG, Gossau<br \/>BIC\/Swift: ACRGCH22<br \/>BC: 6900<\/p>\n\t<\/div>\n<\/div>\t\t<\/div>\n\t<\/div>\n<\/div><div id=\"column-69ec848500287\" class=\"fw-col-sm-6 tf-sh-f9edf5e60d92d5d2a796d5764cdf3cb8 kontaktformular\" >\n\t<div class=\"fw-wrap-col-inner clearfix\"   >\n\t\t\t\t<div class=\"fw-col-inner\">\n\t\t\t<div class=\"fw-text-box tf-sh-91dba14a89b7351ad1c12a81400c6237\" >\n\t<div class=\"fw-text-inner\">\n\t\t<p>\n<div class=\"wpcf7 no-js\" id=\"wpcf7-f2895-o1\" lang=\"de-CH\" dir=\"ltr\" data-wpcf7-id=\"2895\">\n<div class=\"screen-reader-response\"><p role=\"status\" aria-live=\"polite\" aria-atomic=\"true\"><\/p> <ul><\/ul><\/div>\n<form action=\"\/en\/wp-json\/wp\/v2\/pages\/62#wpcf7-f2895-o1\" method=\"post\" class=\"wpcf7-form init\" aria-label=\"Contact form\" novalidate=\"novalidate\" data-status=\"init\" data-trp-original-action=\"\/en\/wp-json\/wp\/v2\/pages\/62#wpcf7-f2895-o1\">\n<fieldset class=\"hidden-fields-container\"><input type=\"hidden\" name=\"_wpcf7\" value=\"2895\" \/><input type=\"hidden\" name=\"_wpcf7_version\" value=\"6.1.5\" \/><input type=\"hidden\" name=\"_wpcf7_locale\" value=\"de_CH\" \/><input type=\"hidden\" name=\"_wpcf7_unit_tag\" value=\"wpcf7-f2895-o1\" \/><input type=\"hidden\" name=\"_wpcf7_container_post\" value=\"0\" \/><input type=\"hidden\" name=\"_wpcf7_posted_data_hash\" value=\"\" \/><input type=\"hidden\" name=\"_wpcf7_recaptcha_response\" value=\"\" \/>\n<\/fieldset>\n<div class=\"hello\">\n\t<p>Hello, can we be of assistance to you?\n\t<\/p>\n<\/div>\n<p><label for=\"message\">Your message<\/label><br \/>\n<span class=\"wpcf7-form-control-wrap\" data-name=\"message\"><textarea cols=\"40\" rows=\"10\" maxlength=\"2000\" class=\"wpcf7-form-control wpcf7-textarea wpcf7-validates-as-required\" aria-required=\"true\" aria-invalid=\"false\" name=\"message\"><\/textarea><\/span><br \/>\n<label for=\"the_name\">Name*<\/label><br \/>\n<span class=\"wpcf7-form-control-wrap\" data-name=\"the_name\"><input size=\"40\" maxlength=\"400\" class=\"wpcf7-form-control wpcf7-text wpcf7-validates-as-required\" aria-required=\"true\" aria-invalid=\"false\" value=\"\" type=\"text\" name=\"the_name\" \/><\/span><br \/>\n<label for=\"telefon\">Phone*<\/label><br \/>\n<span class=\"wpcf7-form-control-wrap\" data-name=\"telefon\"><input size=\"40\" maxlength=\"400\" class=\"wpcf7-form-control wpcf7-text wpcf7-validates-as-required\" aria-required=\"true\" aria-invalid=\"false\" value=\"\" type=\"text\" name=\"telefon\" \/><\/span><br \/>\n<label for=\"email\">E-mail*<\/label><br \/>\n<span class=\"wpcf7-form-control-wrap\" data-name=\"email\"><input size=\"40\" maxlength=\"400\" class=\"wpcf7-form-control wpcf7-email wpcf7-validates-as-required wpcf7-text wpcf7-validates-as-email\" aria-required=\"true\" aria-invalid=\"false\" value=\"\" type=\"email\" name=\"email\" \/><\/span>\n<\/p>\n<div class=\"send\">\n\t<p><input class=\"wpcf7-form-control wpcf7-submit has-spinner\" type=\"submit\" value=\"Send\" \/>\n\t<\/p>\n<\/div><div class=\"wpcf7-response-output\" aria-hidden=\"true\"><\/div>\n<input type=\"hidden\" name=\"trp-form-language\" value=\"en\"\/><\/form>\n<\/div>\n<\/p>\n\t<\/div>\n<\/div>\t\t<\/div>\n\t<\/div>\n<\/div><\/div>\n\n\t<\/div>\n\t<\/section><section   class=\"fw-main-row-custom fw-section-no-padding  auto  fw-section-position-back tf-sh-13ad539f6e7539e4399193fffd0c4a7b\"  style=\" background-color:#f4f4f4;\"  >\n\t\t\t<div class=\"fw-container\" >\n\t\t<div class=\"fw-row\">\n\t<div id=\"column-69ec848503c80\" class=\"fw-col-sm-6 tf-sh-3bdf5d60bd1a734743d286dee8885827\" >\n\t<div class=\"fw-wrap-col-inner clearfix\"   >\n\t\t\t\t<div class=\"fw-col-inner\">\n\t\t\t<div class=\"fw-heading fw-heading-center  tf-sh-bfd53427c0004da7540916ecceb5c5c6\" >\n\t\t\t<h3 class=\"fw-special-title\">How to find us<\/h3>\n\t\n\t\n\t<\/div><div class=\"fw-text-box tf-sh-ef7a659234f56ac6f90c40fd99d15826\" >\n\t<div class=\"fw-text-inner\">\n\t\t<p>Our office is located right in the centre of Gossau, in close proximity to the office of the public prosecutor. We're easily reachable by road and rail. You can reach us in minutes by taking the nearby motorway exit at Gossau (no. 79). From the train station you can reach us within 10 minutes on foot.<\/p>\n<p>Free parking is available directly in front of our office.<\/p>\n\t<\/div>\n<\/div>\t\t<\/div>\n\t<\/div>\n<\/div><div id=\"column-69ec848504583\" class=\"fw-col-sm-6 tf-sh-de536611d05d74483eabe644ebaeb57f\" >\n\t<div class=\"fw-wrap-col-inner clearfix\"   >\n\t\t\t\t<div class=\"fw-col-inner\">\n\t\t\t<div class=\"fw-icon-title fw-icon-title-top clearfix tf-sh-a8c7cfa6eb0a685e9758ba26054c8609 kdgs-icon-enhancement fw-content-align-center\" >\n\t\t\t<div class=\"fw-icon-title-name\">\n\t\t\t<div class=\"fw-icon-title-name-inner\">\n\t\t\t\t\t\t\t\t\t<span class=\"fw-icon-title-icon\">\n\t\t\t\t\t\t\t\t\t\t\t\t\t<a class=\"\" href=\"https:\/\/www.google.com\/maps\/dir\/\/K%C3%BCng+Rechtsanw%C3%A4lte+%26+Notare+AG+Haldenstrasse+10+9200+Gossau\/@47.4161704,9.2472661,16z\/data=!4m5!4m4!1m0!1m2!1m1!1s0x479ae0cc12fc9903:0xa1bdeb45c2905e76\"  target=\"_blank\" rel=\"nofollow\">\n\t\t\t\t\t\t\t\t<i class=\"fa fa-map-marker\"><\/i>\t\t\t\t\t\t\t<\/a>\n\t\t\t\t\t\t\t\t\t\t\t<\/span>\n\t\t\t\t\n\t\t\t\t\t\t\t\t\t\t\t\t\t<h4 class=\"fw-icon-title-text\">\n\t\t\t\t\t\t<a class=\"\" href=\"https:\/\/www.google.com\/maps\/dir\/\/K%C3%BCng+Rechtsanw%C3%A4lte+%26+Notare+AG+Haldenstrasse+10+9200+Gossau\/@47.4161704,9.2472661,16z\/data=!4m5!4m4!1m0!1m2!1m1!1s0x479ae0cc12fc9903:0xa1bdeb45c2905e76\"  target=\"_blank\" rel=\"nofollow\">Auf Google Maps anzeigen<\/a>\n\t\t\t\t\t<\/h4>\n\t\t\t\t\t\t\t\t\t\t<\/div>\n\t\t<\/div>\n\t<\/div><div class=\"fw-divider-space space-md  clearfix\"  ><\/div><div class=\"fw-icon-title fw-icon-title-top clearfix tf-sh-18885928c1618f7efc3861e32073e507 kdgs-icon-enhancement fw-content-align-center\" >\n\t\t\t<div class=\"fw-icon-title-name\">\n\t\t\t<div class=\"fw-icon-title-name-inner\">\n\t\t\t\t\t\t\t\t\t<span class=\"fw-icon-title-icon\">\n\t\t\t\t\t\t\t\t\t\t\t\t\t<a class=\"\" href=\"https:\/\/www.sbb.ch\/de\/kaufen\/pages\/fahrplan\/fahrplan.xhtml?nach=Haldenstrasse%2010,%209200%20Gossau\"  target=\"_blank\" rel=\"nofollow\">\n\t\t\t\t\t\t\t\t<i class=\"fa fa-bus\"><\/i>\t\t\t\t\t\t\t<\/a>\n\t\t\t\t\t\t\t\t\t\t\t<\/span>\n\t\t\t\t\n\t\t\t\t\t\t\t\t\t\t\t\t\t<h4 class=\"fw-icon-title-text\">\n\t\t\t\t\t\t<a class=\"\" href=\"https:\/\/www.sbb.ch\/de\/kaufen\/pages\/fahrplan\/fahrplan.xhtml?nach=Haldenstrasse%2010,%209200%20Gossau\"  target=\"_blank\" rel=\"nofollow\">SBB Verbindung suchen<\/a>\n\t\t\t\t\t<\/h4>\n\t\t\t\t\t\t\t\t\t\t<\/div>\n\t\t<\/div>\n\t<\/div>\t\t<\/div>\n\t<\/div>\n<\/div><\/div>\n\n\t<\/div>\n\t<\/section><\/p>","protected":false},"excerpt":{"rendered":"<p>Kontaktieren Sie uns Wie k\u00f6nnen wir Ihnen behilflich sein? Kontaktieren Sie uns Gerne nehmen wir Ihre Anliegen zur Bearbeitung entgegen. Z\u00f6gern Sie nicht,uns pers\u00f6nlich oder telefonisch zu kontaktieren oder nutzen Sie unser Kontakt-formular. Unsere Anschrift:K\u00fcng Rechtsanw\u00e4lte &amp; Notare AGHaldenstrasse 10CH-9200 GossauT +41 (0) 71 380 07 50F +41 (0) 71 380 07 52info@dev.kuenglaw-sg.ch UID:\u00a0CHE-421.970.521MWSt-Nr.: CHE-421.970.521 [&hellip;]<\/p>\n","protected":false},"author":1,"featured_media":0,"parent":0,"menu_order":0,"comment_status":"closed","ping_status":"closed","template":"visual-builder-template.php","meta":{"_acf_changed":false,"footnotes":""},"class_list":["post-62","page","type-page","status-publish","hentry"],"acf":[],"brizy_media":[],"_links":{"self":[{"href":"https:\/\/dev.kuenglaw-sg.ch\/en\/wp-json\/wp\/v2\/pages\/62","targetHints":{"allow":["GET"]}}],"collection":[{"href":"https:\/\/dev.kuenglaw-sg.ch\/en\/wp-json\/wp\/v2\/pages"}],"about":[{"href":"https:\/\/dev.kuenglaw-sg.ch\/en\/wp-json\/wp\/v2\/types\/page"}],"author":[{"embeddable":true,"href":"https:\/\/dev.kuenglaw-sg.ch\/en\/wp-json\/wp\/v2\/users\/1"}],"replies":[{"embeddable":true,"href":"https:\/\/dev.kuenglaw-sg.ch\/en\/wp-json\/wp\/v2\/comments?post=62"}],"version-history":[{"count":77,"href":"https:\/\/dev.kuenglaw-sg.ch\/en\/wp-json\/wp\/v2\/pages\/62\/revisions"}],"predecessor-version":[{"id":17641,"href":"https:\/\/dev.kuenglaw-sg.ch\/en\/wp-json\/wp\/v2\/pages\/62\/revisions\/17641"}],"wp:attachment":[{"href":"https:\/\/dev.kuenglaw-sg.ch\/en\/wp-json\/wp\/v2\/media?parent=62"}],"curies":[{"name":"wp","href":"https:\/\/api.w.org\/{rel}","templated":true}]}}