{"id":57,"date":"2015-05-13T14:26:50","date_gmt":"2015-05-13T14:26:50","guid":{"rendered":"https:\/\/dev.kuenglaw-sg.ch\/?page_id=57"},"modified":"2022-04-13T16:33:11","modified_gmt":"2022-04-13T14:33:11","slug":"ueber-uns","status":"publish","type":"page","link":"https:\/\/dev.kuenglaw-sg.ch\/en\/ueber-uns\/","title":{"rendered":"About us"},"content":{"rendered":"<section   class=\"fw-main-row-custom fw-main-row-top  auto  fw-section-position-back tf-sh-158e57d32e03a295451fe06b16ebe68d\"    >\n\t\t\t<div class=\"fw-container\" >\n\t\t<div class=\"fw-row\">\n\t<div id=\"column-69e772ad12d46\" class=\"fw-col-sm-4 tf-sh-5dc0e3ca54a406c1e16825483c9a9b6e  fw-animated-element\" data-animation-type=\"fadeInRight\" data-animation-delay=\"200\">\n\t<div class=\"fw-wrap-col-inner clearfix\"   >\n\t\t\t\t<div class=\"fw-col-inner\">\n\t\t\t\n\t\t\t        \t\t<div class=\"fw-block-image-parent fw-overlay-1 fw-block-image-icon\"  style=\"width: 100%; \">\n            \t\t\t<a class=\"fw-block-image-child fw-ratio-16-9 fw-ratio-container\" href=\"\/\/dev.kuenglaw-sg.ch\/wp-content\/uploads\/2018\/02\/mikhail-pavstyuk-8436-unsplash.jpg\" data-rel=\"prettyPhoto\" rel=\"prettyPhoto\">\n\t\t\t\t<noscript itemscope itemtype=\"https:\/\/schema.org\/ImageObject\" itemprop=\"image\"><img decoding=\"async\" src=\"https:\/\/dev.kuenglaw-sg.ch\/wp-content\/uploads\/2018\/02\/mikhail-pavstyuk-8436-unsplash.jpg\"  alt=\"mikhail-pavstyuk-8436-unsplash\" data-maxdpr=\"1.7\" class=\"lazyload\" \/><meta itemprop=\"url\" content=\"https:\/\/dev.kuenglaw-sg.ch\/wp-content\/uploads\/2018\/02\/mikhail-pavstyuk-8436-unsplash.jpg\"><meta itemprop=\"width\" content=\"2560\"><meta itemprop=\"height\" content=\"1440\"><\/noscript><img decoding=\"async\" src=\"data:image\/gif;base64,R0lGODlhAQABAIAAAAAAAP\/\/\/yH5BAEAAAAALAAAAAABAAEAAAIBRAA7\" data-sizes=\"auto\" data-srcset=\"https:\/\/dev.kuenglaw-sg.ch\/wp-content\/uploads\/2018\/02\/mikhail-pavstyuk-8436-unsplash-300x169.jpg 300w, https:\/\/dev.kuenglaw-sg.ch\/wp-content\/uploads\/2018\/02\/mikhail-pavstyuk-8436-unsplash-768x432.jpg 768w, https:\/\/dev.kuenglaw-sg.ch\/wp-content\/uploads\/2018\/02\/mikhail-pavstyuk-8436-unsplash-1024x576.jpg 1024w, https:\/\/dev.kuenglaw-sg.ch\/wp-content\/uploads\/2018\/02\/mikhail-pavstyuk-8436-unsplash-1920x1080.jpg 1920w, https:\/\/dev.kuenglaw-sg.ch\/wp-content\/uploads\/2018\/02\/mikhail-pavstyuk-8436-unsplash-1228x691.jpg 1228w, https:\/\/dev.kuenglaw-sg.ch\/wp-content\/uploads\/2018\/02\/mikhail-pavstyuk-8436-unsplash-614x346.jpg 614w, https:\/\/dev.kuenglaw-sg.ch\/wp-content\/uploads\/2018\/02\/mikhail-pavstyuk-8436-unsplash-295x166.jpg 295w, https:\/\/dev.kuenglaw-sg.ch\/wp-content\/uploads\/2018\/02\/mikhail-pavstyuk-8436-unsplash-590x332.jpg 590w, https:\/\/dev.kuenglaw-sg.ch\/wp-content\/uploads\/2018\/02\/mikhail-pavstyuk-8436-unsplash.jpg 2560w\"   alt=\"mikhail-pavstyuk-8436-unsplash\" data-maxdpr=\"1.7\" class=\"lazyload\" \/>\t\t\t\t                                    <div class=\"fw-block-image-overlay\">\n                        <div class=\"fw-itable\">\n                            <div class=\"fw-icell\">\n                                <i class=\"fw-icon-zoom\"><\/i>\n                            <\/div>\n                        <\/div>\n                    <\/div>\n                \t\t\t<\/a>\n            \t\t<\/div>\n\n\t\n\t\t<\/div>\n\t<\/div>\n<\/div><div id=\"column-69e772ad1386c\" class=\"fw-col-sm-8 tf-sh-8d7ee9bfc63bac9acf7761976407873b  fw-animated-element\" data-animation-type=\"fadeInRight\" data-animation-delay=\"200\">\n\t<div class=\"fw-wrap-col-inner clearfix\"   >\n\t\t\t\t<div class=\"fw-col-inner\">\n\t\t\t<div class=\"fw-text-box tf-sh-03ccf96131c113424a22eee3fb8deb48\" >\n\t<div class=\"fw-text-inner\">\n\t\t<h2>What sets us apart?<\/h2>\n<p>Wir sind eine vorwiegend in der Ostschweiz t\u00e4tige, modern strukturierte und gut vernetzte Anwaltskanzlei mit Notariat. Alle unsere Rechtsanw\u00e4lte\/-innen und Notare\/-innen verf\u00fcgen \u00fcber ihre eigenen Schwerpunktgebiete, in welchen er\/sie \u00fcber Spezialwissen verf\u00fcgt. Wir sind deshalb in der Lage, unseren Klientinnen und Klienten eine umfassende Rechtsberatung und Rechtsvertretung zu bieten.<\/p>\n<p>Unser Team setzt sich zusammen aus engagierten, gut ausgebildeten und erfahrenen Juristen und Juristinnen, das stets am gleichen Strick zieht. Wir betrachten Ihr Anliegen als unsere Herausforderung, die uns t\u00e4glich neu motiviert und uns zu H\u00f6chstleistungen antreibt.<\/p>\n<p>Es geh\u00f6rt zu unserem Berufsverst\u00e4ndnis, unsere Meinungen zu sich stellenden Rechtsproblemen im Interesse unserer Klientinnen und Klienten bei Bedarf untereinander auszutauschen. Unterst\u00fctzt werden wir von unserem freundlichen und kompetenten Sekretariat und unserem gut ausgebauten Netzwerk von Partnern.<\/p>\n\t<\/div>\n<\/div>\t\t<\/div>\n\t<\/div>\n<\/div><\/div>\n\n<div class=\"fw-row\">\n\t<div id=\"column-69e772ad14154\" class=\"fw-col-sm-12 fw-mobile-hide-element tf-sh-f8ba2303c7c7c6dc1f410c0fdf1466d6  fw-col-no-padding\" >\n\t<div class=\"fw-wrap-col-inner clearfix\"   >\n\t\t\t\t<div class=\"fw-col-inner\">\n\t\t\t\t\t<\/div>\n\t<\/div>\n<\/div><\/div>\n\n<div class=\"fw-row\">\n\t<div id=\"column-69e772ad14728\" class=\"fw-col-sm-8 tf-sh-0b7a6e7b639198c9dc929aaac34a04a7  fw-animated-element\" data-animation-type=\"fadeInLeft\" data-animation-delay=\"300\">\n\t<div class=\"fw-wrap-col-inner clearfix\"   >\n\t\t\t\t<div class=\"fw-col-inner\">\n\t\t\t<div class=\"fw-text-box tf-sh-208b08013d94cb257c299bf04dacd9e9\" >\n\t<div class=\"fw-text-inner\">\n\t\t<h2>What we do offer?<\/h2>\n<p>Unsere kompetenten sowie engagierten Rechtsanw\u00e4lte und Rechtsanw\u00e4ltinnen erbringen professionelle <a href=\"http:\/\/dev.kuenglaw-sg.ch\/leistungen\/\">Services <\/a>und beraten \/ vertreten in ihren Schwerpunktgebieten Privatpersonen, \u00f6ffentliche Institutionen und Unternehmen. Zus\u00e4tzlich erbringen sie als \u00f6ffentliche Notare und Notarinnen umfassende <a href=\"http:\/\/dev.kuenglaw-sg.ch\/leistungen\/\">notary services.<\/a> .<\/p>\n<p>Wir erbringen unsere Dienstleistungen vorwiegend in der Ostschweiz. Durch unsere Kontakte sind wir in der Deutschschweiz gut vernetzt und deshalb in der Lage, Sie auch ausserhalb der Ostschweiz effizient und verl\u00e4sslich beraten sowie vertreten zu k\u00f6nnen. Durch die Mitgliedschaft im <a href=\"https:\/\/www.warwicklegal.com\/\">Warwick Legal International Network<\/a> k\u00f6nnen wir Ihnen die Unterst\u00fctzung durch Anw\u00e4lte in ganz Europa vermitteln.<\/p>\n\t<\/div>\n<\/div>\t\t<\/div>\n\t<\/div>\n<\/div><div id=\"column-69e772ad14d10\" class=\"fw-col-sm-4 tf-sh-4c8b8ac7f7653059b44c89e0d1147800  fw-animated-element\" data-animation-type=\"fadeInLeft\" data-animation-delay=\"300\">\n\t<div class=\"fw-wrap-col-inner clearfix\"   >\n\t\t\t\t<div class=\"fw-col-inner\">\n\t\t\t\n\t\t\t        \t\t<div class=\"fw-block-image-parent fw-overlay-1 fw-block-image-icon\"  style=\"width: 100%; \">\n            \t\t\t<a class=\"fw-block-image-child fw-ratio-3-2 fw-ratio-container\" href=\"\/\/dev.kuenglaw-sg.ch\/wp-content\/uploads\/2018\/03\/document-agreement-documents-sign-48148.jpeg\" data-rel=\"prettyPhoto\" rel=\"prettyPhoto\">\n\t\t\t\t<noscript itemscope itemtype=\"https:\/\/schema.org\/ImageObject\" itemprop=\"image\"><img decoding=\"async\" src=\"https:\/\/dev.kuenglaw-sg.ch\/wp-content\/uploads\/2018\/03\/document-agreement-documents-sign-48148.jpeg\"  alt=\"document-agreement-documents-sign-48148\" data-maxdpr=\"1.7\" class=\"lazyload\" \/><meta itemprop=\"url\" content=\"https:\/\/dev.kuenglaw-sg.ch\/wp-content\/uploads\/2018\/03\/document-agreement-documents-sign-48148.jpeg\"><meta itemprop=\"width\" content=\"3008\"><meta itemprop=\"height\" content=\"2000\"><\/noscript><img decoding=\"async\" src=\"data:image\/gif;base64,R0lGODlhAQABAIAAAAAAAP\/\/\/yH5BAEAAAAALAAAAAABAAEAAAIBRAA7\" data-sizes=\"auto\" data-srcset=\"https:\/\/dev.kuenglaw-sg.ch\/wp-content\/uploads\/2018\/03\/document-agreement-documents-sign-48148-300x199.jpeg 300w, https:\/\/dev.kuenglaw-sg.ch\/wp-content\/uploads\/2018\/03\/document-agreement-documents-sign-48148-768x511.jpeg 768w, https:\/\/dev.kuenglaw-sg.ch\/wp-content\/uploads\/2018\/03\/document-agreement-documents-sign-48148-1024x681.jpeg 1024w, https:\/\/dev.kuenglaw-sg.ch\/wp-content\/uploads\/2018\/03\/document-agreement-documents-sign-48148-600x400.jpeg 600w, https:\/\/dev.kuenglaw-sg.ch\/wp-content\/uploads\/2018\/03\/document-agreement-documents-sign-48148-1200x800.jpeg 1200w, https:\/\/dev.kuenglaw-sg.ch\/wp-content\/uploads\/2018\/03\/document-agreement-documents-sign-48148.jpeg 3008w\"   alt=\"document-agreement-documents-sign-48148\" data-maxdpr=\"1.7\" class=\"lazyload\" \/>\t\t\t\t                                    <div class=\"fw-block-image-overlay\">\n                        <div class=\"fw-itable\">\n                            <div class=\"fw-icell\">\n                                <i class=\"fw-icon-zoom\"><\/i>\n                            <\/div>\n                        <\/div>\n                    <\/div>\n                \t\t\t<\/a>\n            \t\t<\/div>\n\n\t\n\t\t<\/div>\n\t<\/div>\n<\/div><\/div>\n\n<div class=\"fw-row\">\n\t<div id=\"column-69e772ad15922\" class=\"fw-col-sm-12 fw-mobile-hide-element tf-sh-df054275f8fcb208e4c53d8ff8080319  fw-col-no-padding\" >\n\t<div class=\"fw-wrap-col-inner clearfix\"   >\n\t\t\t\t<div class=\"fw-col-inner\">\n\t\t\t\t\t<\/div>\n\t<\/div>\n<\/div><\/div>\n\n<div class=\"fw-row\">\n\t<div id=\"column-69e772ad15e5b\" class=\"fw-col-sm-4 tf-sh-a5702c43cf5d6d731b18f4ea1a16281d  fw-animated-element\" data-animation-type=\"fadeInRight\" data-animation-delay=\"200\">\n\t<div class=\"fw-wrap-col-inner clearfix\"   >\n\t\t\t\t<div class=\"fw-col-inner\">\n\t\t\t\n\t\t\t        \t\t<div class=\"fw-block-image-parent fw-overlay-1 fw-block-image-icon\"  style=\"width: 100%; \">\n            \t\t\t<a class=\"fw-block-image-child fw-ratio-3-2 fw-ratio-container\" href=\"\/\/dev.kuenglaw-sg.ch\/wp-content\/uploads\/2018\/03\/pexels-photo-336407.jpeg\" data-rel=\"prettyPhoto\" rel=\"prettyPhoto\">\n\t\t\t\t<noscript itemscope itemtype=\"https:\/\/schema.org\/ImageObject\" itemprop=\"image\"><img decoding=\"async\" src=\"https:\/\/dev.kuenglaw-sg.ch\/wp-content\/uploads\/2018\/03\/pexels-photo-336407.jpeg\"  alt=\"SAMSUNG CSC\" data-maxdpr=\"1.7\" class=\"lazyload\" \/><meta itemprop=\"url\" content=\"https:\/\/dev.kuenglaw-sg.ch\/wp-content\/uploads\/2018\/03\/pexels-photo-336407.jpeg\"><meta itemprop=\"width\" content=\"5472\"><meta itemprop=\"height\" content=\"3648\"><\/noscript><img decoding=\"async\" src=\"data:image\/gif;base64,R0lGODlhAQABAIAAAAAAAP\/\/\/yH5BAEAAAAALAAAAAABAAEAAAIBRAA7\" data-sizes=\"auto\" data-srcset=\"https:\/\/dev.kuenglaw-sg.ch\/wp-content\/uploads\/2018\/03\/pexels-photo-336407-300x200.jpeg 300w, https:\/\/dev.kuenglaw-sg.ch\/wp-content\/uploads\/2018\/03\/pexels-photo-336407-768x512.jpeg 768w, https:\/\/dev.kuenglaw-sg.ch\/wp-content\/uploads\/2018\/03\/pexels-photo-336407-1024x683.jpeg 1024w, https:\/\/dev.kuenglaw-sg.ch\/wp-content\/uploads\/2018\/03\/pexels-photo-336407-600x400.jpeg 600w, https:\/\/dev.kuenglaw-sg.ch\/wp-content\/uploads\/2018\/03\/pexels-photo-336407-1200x800.jpeg 1200w, https:\/\/dev.kuenglaw-sg.ch\/wp-content\/uploads\/2018\/03\/pexels-photo-336407.jpeg 5472w\"   alt=\"SAMSUNG CSC\" data-maxdpr=\"1.7\" class=\"lazyload\" \/>\t\t\t\t                                    <div class=\"fw-block-image-overlay\">\n                        <div class=\"fw-itable\">\n                            <div class=\"fw-icell\">\n                                <i class=\"fw-icon-zoom\"><\/i>\n                            <\/div>\n                        <\/div>\n                    <\/div>\n                \t\t\t<\/a>\n            \t\t<\/div>\n\n\t\n\t\t<\/div>\n\t<\/div>\n<\/div><div id=\"column-69e772ad166ff\" class=\"fw-col-sm-8 tf-sh-63d4956cb4f8fa0c4bef2046e0e563e0  fw-animated-element\" data-animation-type=\"fadeInRight\" data-animation-delay=\"200\">\n\t<div class=\"fw-wrap-col-inner clearfix\"   >\n\t\t\t\t<div class=\"fw-col-inner\">\n\t\t\t<div class=\"fw-text-box tf-sh-989049ec19fc28d1a88d843e1ff24848\" >\n\t<div class=\"fw-text-inner\">\n\t\t<h2>What matters to us?<\/h2>\n<p>You, the client and your legal problem are the focus of our services. Professionalism, discretion and a high willingness to perform are a given for us.<\/p>\n<p>Wir pflegen zu Ihnen eine direkte und offene Kommunikation, insbesondere hinsichtlich der Chancen und Risiken Ihres Falles und der damit verbundenen Kosten. Das erzielte Ergebnis muss in einem vern\u00fcnftigen Verh\u00e4ltnis zu den anwaltlichen Bem\u00fchungen stehen. Wir streben f\u00fcr unsere Klientschaft deshalb in erster Linie einvernehmliche und aussergerichtliche L\u00f6sungen an. Unsere Erfahrung lehrt uns, dass solche Ergebnisse zumeist effizienter sowie kosteng\u00fcnstiger sind und einer viel gr\u00f6sseren Akzeptanz aller Parteien unterliegen. Ist eine Rechtstreitigkeit aber unumg\u00e4nglich, nehmen wir diese als pers\u00f6nliche Herausforderung an und vertreten Ihre Interessen vor Gerichten und Beh\u00f6rden konsequent, engagiert und hartn\u00e4ckig.<\/p>\n\t<\/div>\n<\/div>\t\t<\/div>\n\t<\/div>\n<\/div><\/div>\n\n<div class=\"fw-row\">\n\t<div id=\"column-69e772ad16ed1\" class=\"fw-col-sm-12 fw-mobile-hide-element tf-sh-b77e1cf0f55ccea399f4f196f821a054  fw-col-no-padding\" >\n\t<div class=\"fw-wrap-col-inner clearfix\"   >\n\t\t\t\t<div class=\"fw-col-inner\">\n\t\t\t\t\t<\/div>\n\t<\/div>\n<\/div><\/div>\n\n<div class=\"fw-row\">\n\t<div id=\"column-69e772ad17424\" class=\"fw-col-sm-8 tf-sh-9855477b08f5cca20a6485a4938ba318  fw-animated-element\" data-animation-type=\"fadeInRight\" data-animation-delay=\"200\">\n\t<div class=\"fw-wrap-col-inner clearfix\"   >\n\t\t\t\t<div class=\"fw-col-inner\">\n\t\t\t<div class=\"fw-text-box tf-sh-0189feb434461964369cf57fed5eb1b0\" >\n\t<div class=\"fw-text-inner\">\n\t\t<h2>What is the cost?<\/h2>\n<p>Giving legal advice is bespoke work. Accordingly, our fee is calculated based on the amount of time spent at the agreed hourly rate. The cost of resolving the problem and the hourly rate depend on the difficulty of the case, the urgency, the specialist knowledge necessary as well as the value of the dispute or interest.<\/p>\n<p>Zus\u00e4tzlich zum Honorar berechnen wir f\u00fcr die fallbezogenen Barauslagen (f\u00fcr Kopien, Porto, Telefon etc.) eine Pauschale von 4 % des Nettohonorars (exkl. MwSt.). Alle \u00fcbrigen Auslagen (wie Reise- und Verfahrenskosten etc.) werden zu Selbstkosten belastet. Hinzu kommt schliesslich die Mehrwertsteuer zum aktuell g\u00fcltigen Steuersatz.<\/p>\n<p>Werten Sie es bitte nicht als Zeichen unseres Misstrauens, wenn wir von neuen Klientinnen und Klienten die Leistung eines angemessenen Kostenvorschusses verlangen. Dieser dient nicht nur der Sicherung des Honorars, sondern soll den Klientinnen und Klienten die Kostenfolge einer anwaltlichen T\u00e4tigkeit klar vor Augen f\u00fchren.<\/p>\n<p>If you have legal protection insurance, please let us know when you first get in contact with us.<\/p>\n\t<\/div>\n<\/div>\t\t<\/div>\n\t<\/div>\n<\/div><div id=\"column-69e772ad17992\" class=\"fw-col-sm-4 tf-sh-a7185e1b51a29e11bfbc75eb67d6c9a0  fw-animated-element\" data-animation-type=\"fadeInRight\" data-animation-delay=\"200\">\n\t<div class=\"fw-wrap-col-inner clearfix\"   >\n\t\t\t\t<div class=\"fw-col-inner\">\n\t\t\t\n\t\t\t        \t\t<div class=\"fw-block-image-parent fw-overlay-1 fw-block-image-icon\"  style=\"width: 100%; \">\n            \t\t\t<a class=\"fw-block-image-child fw-ratio-4-3 fw-ratio-container\" href=\"\/\/dev.kuenglaw-sg.ch\/wp-content\/uploads\/2018\/02\/aaron-burden-90144-unsplash.jpg\" data-rel=\"prettyPhoto\" rel=\"prettyPhoto\">\n\t\t\t\t<noscript itemscope itemtype=\"https:\/\/schema.org\/ImageObject\" itemprop=\"image\"><img decoding=\"async\" src=\"https:\/\/dev.kuenglaw-sg.ch\/wp-content\/uploads\/2018\/02\/aaron-burden-90144-unsplash.jpg\"  alt=\"aaron-burden-90144-unsplash\" data-maxdpr=\"1.7\" class=\"lazyload\" \/><meta itemprop=\"url\" content=\"https:\/\/dev.kuenglaw-sg.ch\/wp-content\/uploads\/2018\/02\/aaron-burden-90144-unsplash.jpg\"><meta itemprop=\"width\" content=\"4592\"><meta itemprop=\"height\" content=\"3448\"><\/noscript><img decoding=\"async\" src=\"data:image\/gif;base64,R0lGODlhAQABAIAAAAAAAP\/\/\/yH5BAEAAAAALAAAAAABAAEAAAIBRAA7\" data-sizes=\"auto\" data-srcset=\"https:\/\/dev.kuenglaw-sg.ch\/wp-content\/uploads\/2018\/02\/aaron-burden-90144-unsplash-300x225.jpg 300w, https:\/\/dev.kuenglaw-sg.ch\/wp-content\/uploads\/2018\/02\/aaron-burden-90144-unsplash-768x577.jpg 768w, https:\/\/dev.kuenglaw-sg.ch\/wp-content\/uploads\/2018\/02\/aaron-burden-90144-unsplash-1024x769.jpg 1024w, https:\/\/dev.kuenglaw-sg.ch\/wp-content\/uploads\/2018\/02\/aaron-burden-90144-unsplash-393x295.jpg 393w, https:\/\/dev.kuenglaw-sg.ch\/wp-content\/uploads\/2018\/02\/aaron-burden-90144-unsplash-786x590.jpg 786w, https:\/\/dev.kuenglaw-sg.ch\/wp-content\/uploads\/2018\/02\/aaron-burden-90144-unsplash.jpg 4592w\"   alt=\"aaron-burden-90144-unsplash\" data-maxdpr=\"1.7\" class=\"lazyload\" \/>\t\t\t\t                                    <div class=\"fw-block-image-overlay\">\n                        <div class=\"fw-itable\">\n                            <div class=\"fw-icell\">\n                                <i class=\"fw-icon-zoom\"><\/i>\n                            <\/div>\n                        <\/div>\n                    <\/div>\n                \t\t\t<\/a>\n            \t\t<\/div>\n\n\t\n\t\t<\/div>\n\t<\/div>\n<\/div><\/div>\n\n\t<\/div>\n\t<\/section>","protected":false},"excerpt":{"rendered":"<p>Was zeichnet uns aus? Wir sind eine vorwiegend in der Ostschweiz t\u00e4tige, modern strukturierte und gut vernetzte Anwaltskanzlei mit Notariat. Alle unsere Rechtsanw\u00e4lte\/-innen und Notare\/-innen verf\u00fcgen \u00fcber ihre eigenen Schwerpunktgebiete, in welchen er\/sie \u00fcber Spezialwissen verf\u00fcgt. Wir sind deshalb in der Lage, unseren Klientinnen und Klienten eine umfassende Rechtsberatung und Rechtsvertretung zu bieten. Unser Team [&hellip;]<\/p>\n","protected":false},"author":1,"featured_media":0,"parent":0,"menu_order":0,"comment_status":"closed","ping_status":"closed","template":"","meta":{"_acf_changed":false,"footnotes":""},"class_list":["post-57","page","type-page","status-publish","hentry"],"acf":[],"brizy_media":[],"_links":{"self":[{"href":"https:\/\/dev.kuenglaw-sg.ch\/en\/wp-json\/wp\/v2\/pages\/57","targetHints":{"allow":["GET"]}}],"collection":[{"href":"https:\/\/dev.kuenglaw-sg.ch\/en\/wp-json\/wp\/v2\/pages"}],"about":[{"href":"https:\/\/dev.kuenglaw-sg.ch\/en\/wp-json\/wp\/v2\/types\/page"}],"author":[{"embeddable":true,"href":"https:\/\/dev.kuenglaw-sg.ch\/en\/wp-json\/wp\/v2\/users\/1"}],"replies":[{"embeddable":true,"href":"https:\/\/dev.kuenglaw-sg.ch\/en\/wp-json\/wp\/v2\/comments?post=57"}],"version-history":[{"count":34,"href":"https:\/\/dev.kuenglaw-sg.ch\/en\/wp-json\/wp\/v2\/pages\/57\/revisions"}],"predecessor-version":[{"id":13769,"href":"https:\/\/dev.kuenglaw-sg.ch\/en\/wp-json\/wp\/v2\/pages\/57\/revisions\/13769"}],"wp:attachment":[{"href":"https:\/\/dev.kuenglaw-sg.ch\/en\/wp-json\/wp\/v2\/media?parent=57"}],"curies":[{"name":"wp","href":"https:\/\/api.w.org\/{rel}","templated":true}]}}