{"id":2791,"date":"2018-01-30T12:44:56","date_gmt":"2018-01-30T12:44:56","guid":{"rendered":"https:\/\/dev.kuenglaw-sg.ch\/?page_id=2791"},"modified":"2023-09-06T14:28:25","modified_gmt":"2023-09-06T12:28:25","slug":"impressum","status":"publish","type":"page","link":"https:\/\/dev.kuenglaw-sg.ch\/en\/impressum\/","title":{"rendered":"Legal Notice"},"content":{"rendered":"<p><section   class=\"fw-main-row-custom fw-main-row-top fw-section-no-padding  fw_theme_bg_fw-custom fw-section-image auto fw-content-vertical-align-middle fw-section-position-back tf-sh-a66f6d5e8b8ed74caf6acdf806dea9eb\"  style=\" background-image:url(\/\/dev.kuenglaw-sg.ch\/wp-content\/uploads\/2018\/02\/T7A8759.jpg); background-repeat: no-repeat; background-position: center center; background-size: auto;\"  >\n\t\t<div class=\"fw-main-row-overlay fw_theme_bg_color_1\" style=\"opacity: 0.1;\"><\/div>\t<div class=\"fw-container-fluid\" >\n\t\t<div class=\"fw-row\">\n\t<div id=\"column-69ea089a57c01\" class=\"fw-col-sm-12 tf-sh-27d934736df424d0d540306568ccae2f column-text-block\" >\n\t<div class=\"fw-wrap-col-inner clearfix\"   >\n\t\t\t\t<div class=\"fw-col-inner\">\n\t\t\t<div class=\"fw-heading fw-heading-center  tf-sh-e0095bd9f79158b7393254d3af89c32b\" >\n\t\t\t<h1 class=\"fw-special-title\">Legal Notice<\/h1>\n\t\n\t\n\t<\/div>\t\t<\/div>\n\t<\/div>\n<\/div><\/div>\n\n\t<\/div>\n\t<\/section><section   class=\"fw-main-row-custom  auto  fw-section-position-back tf-sh-ae245a0ebf0603bd4188ce26a926973e\"    >\n\t\t\t<div class=\"fw-container\" >\n\t\t<div class=\"fw-row\">\n\t<div id=\"column-69ea089a58cdd\" class=\"fw-col-sm-12 tf-sh-c60f6a307fc93e22f4a8cdbae2f3b731\" >\n\t<div class=\"fw-wrap-col-inner clearfix\"   >\n\t\t\t\t<div class=\"fw-col-inner\">\n\t\t\t<div class=\"fw-text-box tf-sh-88894753a8f5e15761f011821c31ef43\" >\n\t<div class=\"fw-text-inner\">\n\t\t<p>All information contained on the website of K\u00fcng Rechtsanw\u00e4lte &amp; Notare AG along with the published documents are for informational purposes only. Such are not to be understood as comprehensive and conclusive papers on any respective topic. The contents of our website are checked regularly for timeliness and correctitude and are maintained accordingly. We assume no liability for the timeliness, correctitude or completeness of the information and documents provided. None of the information and documents on our website constitute legal advice. We therefore exclude all liability for the content of websites that refer to us or to which we refer.<\/p>\n<p>We would like to point out that communication by e-mail is neither secure nor confidential. Also, we are unable guarantee a timely processing of emails for reasons of possible technical and operational disruption. With regard to e-mails sent to us, no dates or deadlines can be adhered to. If you would like a confirmation as to whether we have actually received your e-mail, please call us at the same time. We do not accept any liability in connection with communication via e-mail.<\/p>\n<p>&nbsp;<\/p>\n<p>Owner:<\/p>\n<p>K\u00fcng Rechtsanw\u00e4lte &amp; Notare AG<br \/>Haldenstrasse 10<br \/>CH-9200 Gossau<\/p>\n<p>T +41 71 380 07 50<br \/>F +41 71 380 07 52<\/p>\n<p>info@dev.kuenglaw-sg.ch<\/p>\n<p>&nbsp;<\/p>\n<p>Design:<\/p>\n<p>alea iacta digital gmbh<br \/>Rosenbergstrasse 85<br \/>Postfach<br \/>9001 St.Gallen<\/p>\n<p>digital@alea-iacta.ch<\/p>\n\t<\/div>\n<\/div>\t\t<\/div>\n\t<\/div>\n<\/div><\/div>\n\n\t<\/div>\n\t<\/section><\/p>","protected":false},"excerpt":{"rendered":"<p>Impressum S\u00e4mtliche auf der Webseite der K\u00fcng Rechtsanw\u00e4lte &amp; Notare AG enthaltenen Informationen sowie die publizierten Dokumente dienen ausschliesslich Informationszwecken und verstehen sich nicht als umfassende und abschliessende Abhandlungen zum jeweiligen Thema. Die Inhalte unserer Webseite werden regelm\u00e4ssig hinsichtlich Aktualit\u00e4t und Korrektheit \u00fcberpr\u00fcft und gepflegt. Wir \u00fcbernehmen keine Haftung f\u00fcr die Aktualit\u00e4t, Korrektheit oder Vollst\u00e4ndigkeit [&hellip;]<\/p>\n","protected":false},"author":1,"featured_media":0,"parent":0,"menu_order":0,"comment_status":"closed","ping_status":"closed","template":"visual-builder-template.php","meta":{"_acf_changed":false,"footnotes":""},"class_list":["post-2791","page","type-page","status-publish","hentry"],"acf":[],"brizy_media":[],"_links":{"self":[{"href":"https:\/\/dev.kuenglaw-sg.ch\/en\/wp-json\/wp\/v2\/pages\/2791","targetHints":{"allow":["GET"]}}],"collection":[{"href":"https:\/\/dev.kuenglaw-sg.ch\/en\/wp-json\/wp\/v2\/pages"}],"about":[{"href":"https:\/\/dev.kuenglaw-sg.ch\/en\/wp-json\/wp\/v2\/types\/page"}],"author":[{"embeddable":true,"href":"https:\/\/dev.kuenglaw-sg.ch\/en\/wp-json\/wp\/v2\/users\/1"}],"replies":[{"embeddable":true,"href":"https:\/\/dev.kuenglaw-sg.ch\/en\/wp-json\/wp\/v2\/comments?post=2791"}],"version-history":[{"count":10,"href":"https:\/\/dev.kuenglaw-sg.ch\/en\/wp-json\/wp\/v2\/pages\/2791\/revisions"}],"predecessor-version":[{"id":3071,"href":"https:\/\/dev.kuenglaw-sg.ch\/en\/wp-json\/wp\/v2\/pages\/2791\/revisions\/3071"}],"wp:attachment":[{"href":"https:\/\/dev.kuenglaw-sg.ch\/en\/wp-json\/wp\/v2\/media?parent=2791"}],"curies":[{"name":"wp","href":"https:\/\/api.w.org\/{rel}","templated":true}]}}