{"id":270,"date":"2015-05-20T12:03:25","date_gmt":"2015-05-20T12:03:25","guid":{"rendered":"https:\/\/dev.kuenglaw-sg.ch\/?page_id=270"},"modified":"2023-01-16T16:26:30","modified_gmt":"2023-01-16T15:26:30","slug":"team","status":"publish","type":"page","link":"https:\/\/dev.kuenglaw-sg.ch\/en\/team\/","title":{"rendered":"Team"},"content":{"rendered":"<div class=\"kdgs-team\"><div class=\"kdgs-team-list row\">\n<div class=\"kdgs-team-item col-12 col-md-4\" data-filter=\"\">\n\t<a class=\"team-image\" href=\"https:\/\/dev.kuenglaw-sg.ch\/en\/team\/lic-iur-hsg-marcel-aebischer\/\">\n\t<img loading=\"lazy\" decoding=\"async\" width=\"1024\" height=\"683\" src=\"https:\/\/dev.kuenglaw-sg.ch\/wp-content\/uploads\/2018\/03\/M2A2664-1024x683.jpg\" class=\"attachment-large size-large wp-post-image\" alt=\"\" srcset=\"https:\/\/dev.kuenglaw-sg.ch\/wp-content\/uploads\/2018\/03\/M2A2664-1024x683.jpg 1024w, https:\/\/dev.kuenglaw-sg.ch\/wp-content\/uploads\/2018\/03\/M2A2664-300x200.jpg 300w, https:\/\/dev.kuenglaw-sg.ch\/wp-content\/uploads\/2018\/03\/M2A2664-768x512.jpg 768w, https:\/\/dev.kuenglaw-sg.ch\/wp-content\/uploads\/2018\/03\/M2A2664-1536x1024.jpg 1536w, https:\/\/dev.kuenglaw-sg.ch\/wp-content\/uploads\/2018\/03\/M2A2664-2048x1365.jpg 2048w, https:\/\/dev.kuenglaw-sg.ch\/wp-content\/uploads\/2018\/03\/M2A2664-16x12.jpg 16w\" sizes=\"auto, (max-width: 1024px) 100vw, 1024px\" \/>\t<\/a>\n    <div class=\"team-content\">\n\t\t            <div class=\"team-name\">\n\t\t\t\t lic.iur. HSG Marcel Aebischer            <\/div>\n\t\t\t\t            <div class=\"team-funktion\">\n                <span>Rechtsanwalt \/ \u00f6ffentlicher Notar \/ Fachanwalt SAV Arbeitsrecht <\/span>\n            <\/div>\n\t\t\t\t\t\t            <div class=\"team-email\">\n                <a class=\"icon icon-email\" href=\"mailto:aebischer@dev.kuenglaw-sg.ch\">aebischer@dev.kuenglaw-sg.ch<\/a>\n            <\/div>\n\t\t\t\t\t\t\t\t\t\t\t\t\t\t            <div class=\"team-social-media\">\n\t\t\t\t                    <ul class=\"social-media-list\">\n\t\t\t\t\t\t                            <li class=\"social-media-list-item\">\n                                <a href=\"https:\/\/www.linkedin.com\/in\/marcel-aebischer-7947a83a\/\" target=\"_blank\" rel=\"nofollow\"\n                                   class=\"icon icon-linkedin\"> &nbsp;<\/a>\n                            <\/li>\n\t\t\t\t\t\t                            <li class=\"social-media-list-item\">\n                                <a href=\"https:\/\/www.xing.com\/profile\/Marcel_Aebischer\/cv?sc_o=mxb_p\" target=\"_blank\" rel=\"nofollow\"\n                                   class=\"icon icon-xing\"> &nbsp;<\/a>\n                            <\/li>\n\t\t\t\t\t\t                    <\/ul>\n\t\t\t\t            <\/div>\n\t\t    <\/div>\n    <\/div>\n\n<div class=\"kdgs-team-item col-12 col-md-4\" data-filter=\"\">\n\t<a class=\"team-image\" href=\"https:\/\/dev.kuenglaw-sg.ch\/en\/team\/martin-looser\/\">\n\t<img loading=\"lazy\" decoding=\"async\" width=\"1024\" height=\"683\" src=\"https:\/\/dev.kuenglaw-sg.ch\/wp-content\/uploads\/2018\/03\/M2A2730-1024x683.jpg\" class=\"attachment-large size-large wp-post-image\" alt=\"\" srcset=\"https:\/\/dev.kuenglaw-sg.ch\/wp-content\/uploads\/2018\/03\/M2A2730-1024x683.jpg 1024w, https:\/\/dev.kuenglaw-sg.ch\/wp-content\/uploads\/2018\/03\/M2A2730-300x200.jpg 300w, https:\/\/dev.kuenglaw-sg.ch\/wp-content\/uploads\/2018\/03\/M2A2730-768x512.jpg 768w, https:\/\/dev.kuenglaw-sg.ch\/wp-content\/uploads\/2018\/03\/M2A2730-1536x1024.jpg 1536w, https:\/\/dev.kuenglaw-sg.ch\/wp-content\/uploads\/2018\/03\/M2A2730-2048x1365.jpg 2048w, https:\/\/dev.kuenglaw-sg.ch\/wp-content\/uploads\/2018\/03\/M2A2730-16x12.jpg 16w\" sizes=\"auto, (max-width: 1024px) 100vw, 1024px\" \/>\t<\/a>\n    <div class=\"team-content\">\n\t\t            <div class=\"team-name\">\n\t\t\t\t Dr. Martin E. Looser            <\/div>\n\t\t\t\t            <div class=\"team-funktion\">\n                <span>Rechtsanwalt \/ \u00f6ffentlicher Notar \/ Fachanwalt SAV Bau- und Immobilienrecht<\/span>\n            <\/div>\n\t\t\t\t\t\t            <div class=\"team-email\">\n                <a class=\"icon icon-email\" href=\"mailto:looser@dev.kuenglaw-sg.ch\">looser@dev.kuenglaw-sg.ch<\/a>\n            <\/div>\n\t\t\t\t\t\t\t\t\t\t\t\t\t\t            <div class=\"team-social-media\">\n\t\t\t\t                    <ul class=\"social-media-list\">\n\t\t\t\t\t\t                            <li class=\"social-media-list-item\">\n                                <a href=\"https:\/\/www.linkedin.com\/in\/dr-martin-e-looser\/\" target=\"_blank\" rel=\"nofollow\"\n                                   class=\"icon icon-linkedin\"> &nbsp;<\/a>\n                            <\/li>\n\t\t\t\t\t\t                            <li class=\"social-media-list-item\">\n                                <a href=\"https:\/\/www.xing.com\/profile\/MartinE_Looser\" target=\"_blank\" rel=\"nofollow\"\n                                   class=\"icon icon-xing\"> &nbsp;<\/a>\n                            <\/li>\n\t\t\t\t\t\t                    <\/ul>\n\t\t\t\t            <\/div>\n\t\t    <\/div>\n    <\/div>\n\n<div class=\"kdgs-team-item col-12 col-md-4\" data-filter=\"\">\n\t<a class=\"team-image\" href=\"https:\/\/dev.kuenglaw-sg.ch\/en\/team\/rahel-lehmann\/\">\n\t<img loading=\"lazy\" decoding=\"async\" width=\"1024\" height=\"683\" src=\"https:\/\/dev.kuenglaw-sg.ch\/wp-content\/uploads\/2018\/03\/Schilling-1024x683.jpg\" class=\"attachment-large size-large wp-post-image\" alt=\"\" srcset=\"https:\/\/dev.kuenglaw-sg.ch\/wp-content\/uploads\/2018\/03\/Schilling-1024x683.jpg 1024w, https:\/\/dev.kuenglaw-sg.ch\/wp-content\/uploads\/2018\/03\/Schilling-300x200.jpg 300w, https:\/\/dev.kuenglaw-sg.ch\/wp-content\/uploads\/2018\/03\/Schilling-768x512.jpg 768w, https:\/\/dev.kuenglaw-sg.ch\/wp-content\/uploads\/2018\/03\/Schilling-1536x1024.jpg 1536w, https:\/\/dev.kuenglaw-sg.ch\/wp-content\/uploads\/2018\/03\/Schilling-2048x1365.jpg 2048w, https:\/\/dev.kuenglaw-sg.ch\/wp-content\/uploads\/2018\/03\/Schilling-16x12.jpg 16w, https:\/\/dev.kuenglaw-sg.ch\/wp-content\/uploads\/2018\/03\/Schilling-600x400.jpg 600w, https:\/\/dev.kuenglaw-sg.ch\/wp-content\/uploads\/2018\/03\/Schilling-1200x800.jpg 1200w\" sizes=\"auto, (max-width: 1024px) 100vw, 1024px\" \/>\t<\/a>\n    <div class=\"team-content\">\n\t\t            <div class=\"team-name\">\n\t\t\t\t MLaw Rahel Lehmann (ehemals Schilling)            <\/div>\n\t\t\t\t            <div class=\"team-funktion\">\n                <span>Rechtsanw\u00e4ltin & \u00f6ffentliche Notarin<\/span>\n            <\/div>\n\t\t\t\t\t\t            <div class=\"team-email\">\n                <a class=\"icon icon-email\" href=\"mailto:lehmann@dev.kuenglaw-sg.ch\">lehmann@dev.kuenglaw-sg.ch<\/a>\n            <\/div>\n\t\t\t\t\t\t\t\t\t\t\t\t\t\t            <div class=\"team-social-media\">\n\t\t\t\t                    <ul class=\"social-media-list\">\n\t\t\t\t\t\t                            <li class=\"social-media-list-item\">\n                                <a href=\"https:\/\/www.linkedin.com\/in\/rahel-schilling-a03797181\/\" target=\"_blank\" rel=\"nofollow\"\n                                   class=\"icon icon-linkedin\"> &nbsp;<\/a>\n                            <\/li>\n\t\t\t\t\t\t                            <li class=\"social-media-list-item\">\n                                <a href=\"https:\/\/www.xing.com\/profile\/Rahel_Schilling\/cv\" target=\"_blank\" rel=\"nofollow\"\n                                   class=\"icon icon-xing\"> &nbsp;<\/a>\n                            <\/li>\n\t\t\t\t\t\t                    <\/ul>\n\t\t\t\t            <\/div>\n\t\t    <\/div>\n    <\/div>\n\n<div class=\"kdgs-team-item col-12 col-md-4\" data-filter=\"\">\n\t<a class=\"team-image\" href=\"https:\/\/dev.kuenglaw-sg.ch\/en\/team\/selina-grass\/\">\n\t<img loading=\"lazy\" decoding=\"async\" width=\"1024\" height=\"683\" src=\"https:\/\/dev.kuenglaw-sg.ch\/wp-content\/uploads\/2018\/03\/Selina-Grass-1024x683.jpg\" class=\"attachment-large size-large wp-post-image\" alt=\"\" srcset=\"https:\/\/dev.kuenglaw-sg.ch\/wp-content\/uploads\/2018\/03\/Selina-Grass-1024x683.jpg 1024w, https:\/\/dev.kuenglaw-sg.ch\/wp-content\/uploads\/2018\/03\/Selina-Grass-300x200.jpg 300w, https:\/\/dev.kuenglaw-sg.ch\/wp-content\/uploads\/2018\/03\/Selina-Grass-768x512.jpg 768w, https:\/\/dev.kuenglaw-sg.ch\/wp-content\/uploads\/2018\/03\/Selina-Grass-1536x1024.jpg 1536w, https:\/\/dev.kuenglaw-sg.ch\/wp-content\/uploads\/2018\/03\/Selina-Grass-2048x1365.jpg 2048w, https:\/\/dev.kuenglaw-sg.ch\/wp-content\/uploads\/2018\/03\/Selina-Grass-18x12.jpg 18w, https:\/\/dev.kuenglaw-sg.ch\/wp-content\/uploads\/2018\/03\/Selina-Grass-600x400.jpg 600w, https:\/\/dev.kuenglaw-sg.ch\/wp-content\/uploads\/2018\/03\/Selina-Grass-1200x800.jpg 1200w\" sizes=\"auto, (max-width: 1024px) 100vw, 1024px\" \/>\t<\/a>\n    <div class=\"team-content\">\n\t\t            <div class=\"team-name\">\n\t\t\t\t MLaw Selina Grass            <\/div>\n\t\t\t\t            <div class=\"team-funktion\">\n                <span>Rechtsanw\u00e4ltin & \u00f6ffentliche Notarin<\/span>\n            <\/div>\n\t\t\t\t\t\t            <div class=\"team-email\">\n                <a class=\"icon icon-email\" href=\"mailto:grass@dev.kuenglaw-sg.ch\">grass@dev.kuenglaw-sg.ch<\/a>\n            <\/div>\n\t\t\t\t\t\t\t\t\t\t\t\t\t\t            <div class=\"team-social-media\">\n\t\t\t\t            <\/div>\n\t\t    <\/div>\n    <\/div>\n\n<div class=\"kdgs-team-item col-12 col-md-4\" data-filter=\"\">\n\t<a class=\"team-image\" href=\"https:\/\/dev.kuenglaw-sg.ch\/en\/team\/manuela_looser_herzog\/\">\n\t<img loading=\"lazy\" decoding=\"async\" width=\"1024\" height=\"683\" src=\"https:\/\/dev.kuenglaw-sg.ch\/wp-content\/uploads\/2022\/08\/Looser-Herzog-Manuela-1024x683.jpg\" class=\"attachment-large size-large wp-post-image\" alt=\"\" srcset=\"https:\/\/dev.kuenglaw-sg.ch\/wp-content\/uploads\/2022\/08\/Looser-Herzog-Manuela-1024x683.jpg 1024w, https:\/\/dev.kuenglaw-sg.ch\/wp-content\/uploads\/2022\/08\/Looser-Herzog-Manuela-300x200.jpg 300w, https:\/\/dev.kuenglaw-sg.ch\/wp-content\/uploads\/2022\/08\/Looser-Herzog-Manuela-768x512.jpg 768w, https:\/\/dev.kuenglaw-sg.ch\/wp-content\/uploads\/2022\/08\/Looser-Herzog-Manuela-1536x1024.jpg 1536w, https:\/\/dev.kuenglaw-sg.ch\/wp-content\/uploads\/2022\/08\/Looser-Herzog-Manuela-2048x1365.jpg 2048w, https:\/\/dev.kuenglaw-sg.ch\/wp-content\/uploads\/2022\/08\/Looser-Herzog-Manuela-18x12.jpg 18w, https:\/\/dev.kuenglaw-sg.ch\/wp-content\/uploads\/2022\/08\/Looser-Herzog-Manuela-600x400.jpg 600w, https:\/\/dev.kuenglaw-sg.ch\/wp-content\/uploads\/2022\/08\/Looser-Herzog-Manuela-1200x800.jpg 1200w\" sizes=\"auto, (max-width: 1024px) 100vw, 1024px\" \/>\t<\/a>\n    <div class=\"team-content\">\n\t\t            <div class=\"team-name\">\n\t\t\t\t lic.iur. HSG Manuela  Looser-Herzog            <\/div>\n\t\t\t\t            <div class=\"team-funktion\">\n                <span>Rechtsanw\u00e4ltin & \u00f6ffentliche Notarin<\/span>\n            <\/div>\n\t\t\t\t\t\t            <div class=\"team-email\">\n                <a class=\"icon icon-email\" href=\"mailto:looser-herzog@dev.kuenglaw-sg.ch\">looser-herzog@dev.kuenglaw-sg.ch<\/a>\n            <\/div>\n\t\t\t\t\t\t\t\t\t\t\t\t\t\t            <div class=\"team-social-media\">\n\t\t\t\t            <\/div>\n\t\t    <\/div>\n    <\/div>\n\n<div class=\"kdgs-team-item col-12 col-md-4\" data-filter=\"\">\n\t<a class=\"team-image\" href=\"https:\/\/dev.kuenglaw-sg.ch\/en\/team\/patrik-mauchle\/\">\n\t<img loading=\"lazy\" decoding=\"async\" width=\"1024\" height=\"683\" src=\"https:\/\/dev.kuenglaw-sg.ch\/wp-content\/uploads\/2024\/01\/Mauchle-Patrik-neu-bearb-1024x683.jpg\" class=\"attachment-large size-large wp-post-image\" alt=\"\" srcset=\"https:\/\/dev.kuenglaw-sg.ch\/wp-content\/uploads\/2024\/01\/Mauchle-Patrik-neu-bearb-1024x683.jpg 1024w, https:\/\/dev.kuenglaw-sg.ch\/wp-content\/uploads\/2024\/01\/Mauchle-Patrik-neu-bearb-300x200.jpg 300w, https:\/\/dev.kuenglaw-sg.ch\/wp-content\/uploads\/2024\/01\/Mauchle-Patrik-neu-bearb-768x512.jpg 768w, https:\/\/dev.kuenglaw-sg.ch\/wp-content\/uploads\/2024\/01\/Mauchle-Patrik-neu-bearb-1536x1024.jpg 1536w, https:\/\/dev.kuenglaw-sg.ch\/wp-content\/uploads\/2024\/01\/Mauchle-Patrik-neu-bearb-2048x1365.jpg 2048w, https:\/\/dev.kuenglaw-sg.ch\/wp-content\/uploads\/2024\/01\/Mauchle-Patrik-neu-bearb-18x12.jpg 18w, https:\/\/dev.kuenglaw-sg.ch\/wp-content\/uploads\/2024\/01\/Mauchle-Patrik-neu-bearb-600x400.jpg 600w, https:\/\/dev.kuenglaw-sg.ch\/wp-content\/uploads\/2024\/01\/Mauchle-Patrik-neu-bearb-1200x800.jpg 1200w\" sizes=\"auto, (max-width: 1024px) 100vw, 1024px\" \/>\t<\/a>\n    <div class=\"team-content\">\n\t\t            <div class=\"team-name\">\n\t\t\t\t M.A. HSG Patrik Mauchle            <\/div>\n\t\t\t\t            <div class=\"team-funktion\">\n                <span>Lawyer \/ notary public<\/span>\n            <\/div>\n\t\t\t\t\t\t            <div class=\"team-email\">\n                <a class=\"icon icon-email\" href=\"mailto:mauchle@dev.kuenglaw-sg.ch\">mauchle@dev.kuenglaw-sg.ch<\/a>\n            <\/div>\n\t\t\t\t\t\t\t\t\t\t\t\t\t\t            <div class=\"team-social-media\">\n\t\t\t\t                    <ul class=\"social-media-list\">\n\t\t\t\t\t\t                            <li class=\"social-media-list-item\">\n                                <a href=\"\" target=\"_blank\" rel=\"nofollow\"\n                                   class=\"\"> &nbsp;<\/a>\n                            <\/li>\n\t\t\t\t\t\t                            <li class=\"social-media-list-item\">\n                                <a href=\"\" target=\"_blank\" rel=\"nofollow\"\n                                   class=\"\"> &nbsp;<\/a>\n                            <\/li>\n\t\t\t\t\t\t                    <\/ul>\n\t\t\t\t            <\/div>\n\t\t    <\/div>\n    <\/div>\n\n<div class=\"kdgs-team-item col-12 col-md-4\" data-filter=\"\">\n\t<a class=\"team-image\" href=\"https:\/\/dev.kuenglaw-sg.ch\/en\/team\/bettina-eggenberger\/\">\n\t<img loading=\"lazy\" decoding=\"async\" width=\"1024\" height=\"683\" src=\"https:\/\/dev.kuenglaw-sg.ch\/wp-content\/uploads\/2018\/03\/M2A2388-1024x683.jpg\" class=\"attachment-large size-large wp-post-image\" alt=\"\" srcset=\"https:\/\/dev.kuenglaw-sg.ch\/wp-content\/uploads\/2018\/03\/M2A2388-1024x683.jpg 1024w, https:\/\/dev.kuenglaw-sg.ch\/wp-content\/uploads\/2018\/03\/M2A2388-300x200.jpg 300w, https:\/\/dev.kuenglaw-sg.ch\/wp-content\/uploads\/2018\/03\/M2A2388-768x512.jpg 768w, https:\/\/dev.kuenglaw-sg.ch\/wp-content\/uploads\/2018\/03\/M2A2388-1536x1024.jpg 1536w, https:\/\/dev.kuenglaw-sg.ch\/wp-content\/uploads\/2018\/03\/M2A2388-2048x1365.jpg 2048w, https:\/\/dev.kuenglaw-sg.ch\/wp-content\/uploads\/2018\/03\/M2A2388-16x12.jpg 16w, https:\/\/dev.kuenglaw-sg.ch\/wp-content\/uploads\/2018\/03\/M2A2388-600x400.jpg 600w, https:\/\/dev.kuenglaw-sg.ch\/wp-content\/uploads\/2018\/03\/M2A2388-1200x800.jpg 1200w\" sizes=\"auto, (max-width: 1024px) 100vw, 1024px\" \/>\t<\/a>\n    <div class=\"team-content\">\n\t\t            <div class=\"team-name\">\n\t\t\t\t Bettina Eggenberger            <\/div>\n\t\t\t\t            <div class=\"team-funktion\">\n                <span>Legal Assistant<\/span>\n            <\/div>\n\t\t\t\t\t\t            <div class=\"team-email\">\n                <a class=\"icon icon-email\" href=\"mailto:eggenberger@dev.kuenglaw-sg.ch\">eggenberger@dev.kuenglaw-sg.ch<\/a>\n            <\/div>\n\t\t\t\t\t\t\t\t\t\t\t\t\t\t            <div class=\"team-social-media\">\n\t\t\t\t            <\/div>\n\t\t    <\/div>\n    <\/div>\n\n<div class=\"kdgs-team-item col-12 col-md-4\" data-filter=\"\">\n\t<a class=\"team-image\" href=\"https:\/\/dev.kuenglaw-sg.ch\/en\/team\/lydia-aggeler\/\">\n\t<img loading=\"lazy\" decoding=\"async\" width=\"1024\" height=\"683\" src=\"https:\/\/dev.kuenglaw-sg.ch\/wp-content\/uploads\/2018\/02\/Aggller_Lydia-1024x683.jpg\" class=\"attachment-large size-large wp-post-image\" alt=\"\" srcset=\"https:\/\/dev.kuenglaw-sg.ch\/wp-content\/uploads\/2018\/02\/Aggller_Lydia-1024x683.jpg 1024w, https:\/\/dev.kuenglaw-sg.ch\/wp-content\/uploads\/2018\/02\/Aggller_Lydia-300x200.jpg 300w, https:\/\/dev.kuenglaw-sg.ch\/wp-content\/uploads\/2018\/02\/Aggller_Lydia-768x512.jpg 768w, https:\/\/dev.kuenglaw-sg.ch\/wp-content\/uploads\/2018\/02\/Aggller_Lydia-1536x1024.jpg 1536w, https:\/\/dev.kuenglaw-sg.ch\/wp-content\/uploads\/2018\/02\/Aggller_Lydia-2048x1365.jpg 2048w, https:\/\/dev.kuenglaw-sg.ch\/wp-content\/uploads\/2018\/02\/Aggller_Lydia-18x12.jpg 18w, https:\/\/dev.kuenglaw-sg.ch\/wp-content\/uploads\/2018\/02\/Aggller_Lydia-600x400.jpg 600w, https:\/\/dev.kuenglaw-sg.ch\/wp-content\/uploads\/2018\/02\/Aggller_Lydia-1200x800.jpg 1200w\" sizes=\"auto, (max-width: 1024px) 100vw, 1024px\" \/>\t<\/a>\n    <div class=\"team-content\">\n\t\t            <div class=\"team-name\">\n\t\t\t\t Lydia Aggeler            <\/div>\n\t\t\t\t            <div class=\"team-funktion\">\n                <span>Legal Assistant<\/span>\n            <\/div>\n\t\t\t\t\t\t            <div class=\"team-email\">\n                <a class=\"icon icon-email\" href=\"mailto:aggeler@dev.kuenglaw-sg.ch\">aggeler@dev.kuenglaw-sg.ch<\/a>\n            <\/div>\n\t\t\t\t\t\t\t\t\t\t\t\t\t\t            <div class=\"team-social-media\">\n\t\t\t\t            <\/div>\n\t\t    <\/div>\n    <\/div>\n\n<div class=\"kdgs-team-item col-12 col-md-4\" data-filter=\"\">\n\t<a class=\"team-image\" href=\"https:\/\/dev.kuenglaw-sg.ch\/en\/team\/lydia-aggeler-2\/\">\n\t<img loading=\"lazy\" decoding=\"async\" width=\"1024\" height=\"683\" src=\"https:\/\/dev.kuenglaw-sg.ch\/wp-content\/uploads\/2024\/03\/Portraitfoto-1024x683.jpg\" class=\"attachment-large size-large wp-post-image\" alt=\"\" srcset=\"https:\/\/dev.kuenglaw-sg.ch\/wp-content\/uploads\/2024\/03\/Portraitfoto-1024x683.jpg 1024w, https:\/\/dev.kuenglaw-sg.ch\/wp-content\/uploads\/2024\/03\/Portraitfoto-300x200.jpg 300w, https:\/\/dev.kuenglaw-sg.ch\/wp-content\/uploads\/2024\/03\/Portraitfoto-768x512.jpg 768w, https:\/\/dev.kuenglaw-sg.ch\/wp-content\/uploads\/2024\/03\/Portraitfoto-1536x1024.jpg 1536w, https:\/\/dev.kuenglaw-sg.ch\/wp-content\/uploads\/2024\/03\/Portraitfoto-2048x1365.jpg 2048w, https:\/\/dev.kuenglaw-sg.ch\/wp-content\/uploads\/2024\/03\/Portraitfoto-18x12.jpg 18w, https:\/\/dev.kuenglaw-sg.ch\/wp-content\/uploads\/2024\/03\/Portraitfoto-600x400.jpg 600w, https:\/\/dev.kuenglaw-sg.ch\/wp-content\/uploads\/2024\/03\/Portraitfoto-1200x800.jpg 1200w\" sizes=\"auto, (max-width: 1024px) 100vw, 1024px\" \/>\t<\/a>\n    <div class=\"team-content\">\n\t\t            <div class=\"team-name\">\n\t\t\t\tMLaw Elena Gemperli            <\/div>\n\t\t\t\t            <div class=\"team-funktion\">\n                <span>Anwaltspraktikantin <\/span>\n            <\/div>\n\t\t\t\t\t\t            <div class=\"team-email\">\n                <a class=\"icon icon-email\" href=\"mailto:substitut@dev.kuenglaw-sg.ch\">substitut@dev.kuenglaw-sg.ch<\/a>\n            <\/div>\n\t\t\t\t\t\t\t\t\t\t\t\t\t\t            <div class=\"team-social-media\">\n\t\t\t\t            <\/div>\n\t\t    <\/div>\n    <\/div>\n\n<div class=\"kdgs-team-item col-12 col-md-4\" data-filter=\"\">\n\t<a class=\"team-image\" href=\"https:\/\/dev.kuenglaw-sg.ch\/en\/team\/lydia-aggeler-3\/\">\n\t<img loading=\"lazy\" decoding=\"async\" width=\"1024\" height=\"683\" src=\"https:\/\/dev.kuenglaw-sg.ch\/wp-content\/uploads\/2024\/03\/Alexandra-Antunes-Franco-1024x683.jpg\" class=\"attachment-large size-large wp-post-image\" alt=\"\" srcset=\"https:\/\/dev.kuenglaw-sg.ch\/wp-content\/uploads\/2024\/03\/Alexandra-Antunes-Franco-1024x683.jpg 1024w, https:\/\/dev.kuenglaw-sg.ch\/wp-content\/uploads\/2024\/03\/Alexandra-Antunes-Franco-300x200.jpg 300w, https:\/\/dev.kuenglaw-sg.ch\/wp-content\/uploads\/2024\/03\/Alexandra-Antunes-Franco-768x512.jpg 768w, https:\/\/dev.kuenglaw-sg.ch\/wp-content\/uploads\/2024\/03\/Alexandra-Antunes-Franco-1536x1024.jpg 1536w, https:\/\/dev.kuenglaw-sg.ch\/wp-content\/uploads\/2024\/03\/Alexandra-Antunes-Franco-2048x1366.jpg 2048w, https:\/\/dev.kuenglaw-sg.ch\/wp-content\/uploads\/2024\/03\/Alexandra-Antunes-Franco-18x12.jpg 18w, https:\/\/dev.kuenglaw-sg.ch\/wp-content\/uploads\/2024\/03\/Alexandra-Antunes-Franco-600x400.jpg 600w, https:\/\/dev.kuenglaw-sg.ch\/wp-content\/uploads\/2024\/03\/Alexandra-Antunes-Franco-1200x800.jpg 1200w\" sizes=\"auto, (max-width: 1024px) 100vw, 1024px\" \/>\t<\/a>\n    <div class=\"team-content\">\n\t\t            <div class=\"team-name\">\n\t\t\t\t Alexandra Antunes Franco            <\/div>\n\t\t\t\t            <div class=\"team-funktion\">\n                <span>Legal Assistant<\/span>\n            <\/div>\n\t\t\t\t\t\t            <div class=\"team-email\">\n                <a class=\"icon icon-email\" href=\"mailto:sekretariat@dev.kuenglaw-sg.ch\">sekretariat@dev.kuenglaw-sg.ch<\/a>\n            <\/div>\n\t\t\t\t\t\t\t\t\t\t\t\t\t\t            <div class=\"team-social-media\">\n\t\t\t\t            <\/div>\n\t\t    <\/div>\n    <\/div>\n<\/div><\/div>\n<p>&nbsp;<\/p>","protected":false},"excerpt":{"rendered":"<p>lic.iur. HSG Marcel Aebischer Rechtsanwalt \/ \u00f6ffentlicher Notar \/ Fachanwalt SAV Arbeitsrecht aebischer@dev.kuenglaw-sg.ch &nbsp; &nbsp; Dr. Martin E. Looser Rechtsanwalt \/ \u00f6ffentlicher Notar \/ Fachanwalt SAV Bau- und Immobilienrecht looser@dev.kuenglaw-sg.ch &nbsp; &nbsp; MLaw Rahel Lehmann (ehemals Schilling) Rechtsanw\u00e4ltin &#038; \u00f6ffentliche Notarin lehmann@dev.kuenglaw-sg.ch &nbsp; &nbsp; MLaw Selina Grass Rechtsanw\u00e4ltin &#038; \u00f6ffentliche Notarin grass@dev.kuenglaw-sg.ch lic.iur. HSG Manuela [&hellip;]<\/p>\n","protected":false},"author":1,"featured_media":0,"parent":0,"menu_order":0,"comment_status":"closed","ping_status":"closed","template":"brizy-blank-template.php","meta":{"_acf_changed":false,"footnotes":""},"class_list":["post-270","page","type-page","status-publish","hentry"],"acf":[],"brizy_media":[],"_links":{"self":[{"href":"https:\/\/dev.kuenglaw-sg.ch\/en\/wp-json\/wp\/v2\/pages\/270","targetHints":{"allow":["GET"]}}],"collection":[{"href":"https:\/\/dev.kuenglaw-sg.ch\/en\/wp-json\/wp\/v2\/pages"}],"about":[{"href":"https:\/\/dev.kuenglaw-sg.ch\/en\/wp-json\/wp\/v2\/types\/page"}],"author":[{"embeddable":true,"href":"https:\/\/dev.kuenglaw-sg.ch\/en\/wp-json\/wp\/v2\/users\/1"}],"replies":[{"embeddable":true,"href":"https:\/\/dev.kuenglaw-sg.ch\/en\/wp-json\/wp\/v2\/comments?post=270"}],"version-history":[{"count":22,"href":"https:\/\/dev.kuenglaw-sg.ch\/en\/wp-json\/wp\/v2\/pages\/270\/revisions"}],"predecessor-version":[{"id":16915,"href":"https:\/\/dev.kuenglaw-sg.ch\/en\/wp-json\/wp\/v2\/pages\/270\/revisions\/16915"}],"wp:attachment":[{"href":"https:\/\/dev.kuenglaw-sg.ch\/en\/wp-json\/wp\/v2\/media?parent=270"}],"curies":[{"name":"wp","href":"https:\/\/api.w.org\/{rel}","templated":true}]}}