{"id":17680,"date":"2023-09-08T11:43:02","date_gmt":"2023-09-08T09:43:02","guid":{"rendered":"https:\/\/dev.kuenglaw-sg.ch\/?page_id=17680"},"modified":"2023-09-08T11:52:28","modified_gmt":"2023-09-08T09:52:28","slug":"datenschutz","status":"publish","type":"page","link":"https:\/\/dev.kuenglaw-sg.ch\/en\/datenschutz\/","title":{"rendered":"Data privacy"},"content":{"rendered":"<p><section   class=\"fw-main-row-custom fw-main-row-top fw-section-no-padding  fw_theme_bg_fw-custom fw-section-image auto fw-content-vertical-align-middle fw-section-position-back tf-sh-dee7fe190e3c39774e6a9e7f8a1b9594 dienstleistungen-header\"  style=\" background-image:url(https:\/\/dev.kuenglaw-sg.ch\/wp-content\/uploads\/2022\/04\/M2A3007.jpg); background-repeat: no-repeat; background-position: center bottom; background-size: cover;\"  >\n\t\t<div class=\"fw-main-row-overlay fw_theme_bg_color_1\" style=\"opacity: 0.07;\"><\/div>\t<div class=\"fw-container-fluid\" >\n\t\t<div class=\"fw-row\">\n\t<div id=\"column-69e9f2c39b5a7\" class=\"fw-col-sm-12 tf-sh-0058226f30f48a5ded6b7cd3aebd6332\" >\n\t<div class=\"fw-wrap-col-inner clearfix\"   >\n\t\t\t\t<div class=\"fw-col-inner\">\n\t\t\t<div class=\"fw-heading fw-heading-center  tf-sh-f0818e111f1d3d07946d8fce953bc7ce\" >\n\t\t\t<h1 class=\"fw-special-title\">Data privacy<\/h1>\n\t\n\t\n\t<\/div>\t\t<\/div>\n\t<\/div>\n<\/div><\/div>\n\n\t<\/div>\n\t<\/section><section   class=\"fw-main-row-custom fw-section-no-padding  auto  fw-section-position-back tf-sh-0508ed344c20c61a9787dcaa4cf26236\"    >\n\t\t\t<div class=\"fw-container\" >\n\t\t<div class=\"fw-row\">\n\t<div id=\"column-69e9f2c39c1fb\" class=\"fw-col-sm-12 tf-sh-cb5b427f18bef5d66e0116fa5be38e9e\" >\n\t<div class=\"fw-wrap-col-inner clearfix\"   >\n\t\t\t\t<div class=\"fw-col-inner\">\n\t\t\t<div class=\"fw-text-box tf-sh-4e254911fd153ae02f1c20b7582c3502\" >\n\t<div class=\"fw-text-inner\">\n\t\t<p>Datenschutz liegt uns am Herzen, deswegen haben wir uns auch intensiv mit diesem Thema befasst und eine allgemeine Datenschutzerkl\u00e4rung sowie f\u00fcr unsere Bewerber &amp; Mitarbeitenden nach dem neuen Datenschutzgesetz erstellt. Die beiden Versionen k\u00f6nnen untestehend eingsehen werden:<\/p>\n\t<\/div>\n<\/div>\t\t<\/div>\n\t<\/div>\n<\/div><\/div>\n\n\t<\/div>\n\t<\/section><section   class=\"fw-main-row-custom fw-section-no-padding  auto  fw-section-position-back tf-sh-ca0c569b7505ded5339f83846ea26318\"    >\n\t\t\t<div class=\"fw-container\" >\n\t\t<div class=\"fw-row\">\n\t<div id=\"column-69e9f2c39cef2\" class=\"fw-col-sm-4 tf-sh-bd205a19257e8fc6aac86bcdd85dfd47  fw-animated-element\" data-animation-type=\"fadeInUp\" data-animation-delay=\"200\">\n\t<div class=\"fw-wrap-col-inner clearfix\"   >\n\t\t\t\t<div class=\"fw-col-inner\">\n\t\t\t<div class=\"fw-iconbox clearfix tf-sh-9b831ba4adbb513afdcaf04a2a5ba364 fw-iconbox-3 fw-icon-right  bg-on icon-circle\" >\n\t<div class=\"fw-iconbox-image  fw_theme_bg_color_1\" style=\"\">\n\t\t\t\t\t<i class=\"fa fa-user\" style=\"color:#ffffff;\"><\/i>\n\t\t\t<\/div>\n\n\t<div class=\"fw-iconbox-aside\">\n\t\t\t\t\t<div class=\"fw-iconbox-title\">\n\t\t\t\t<h5>Allgemeine Datenschutzerkl\u00e4rung der K\u00fcng Rechtsanw\u00e4lte & Notare AG<\/h5>\n\t\t\t<\/div>\n\t\t\n\t\t\t\t\t<div class=\"fw-iconbox-text\">\n\t\t\t\t<p>K\u00fcng Rechtsanw\u00e4lte &amp; Notare AG (nachstehend auch \u00abK\u00fcng Rechtsanw\u00e4lte\u00bb, \u00abwir\u00bb, \u00abuns\u00bb) beschafft und bearbeitet Personendaten, die Sie oder auch andere Personen (sog. \u00abDritte\u00bb) betreffen. Wir verwenden den Begriff \u00abDaten\u00bb hier gleichbedeutend mit \u00abPersonendaten\u00bb oder \u00abpersonenbezogene Daten\u00bb.<\/p>\t\t\t<\/div>\n\t\t\n\t\t\t<\/div>\n<\/div>\t<a href=\"https:\/\/dev.kuenglaw-sg.ch\/datenschutzerklaerung\" target=\"_self\" class=\"fw-btn tf-sh-83a6509695ce8d0e757bb7a8a57fed74  fw-btn-md   fw-btn-side-by-side fw-btn-1\"  style=\"\">\n\t\t<span >\n\t\t\tMehr dazu\t\t<\/span>\n\t<\/a>\n\t\t<\/div>\n\t<\/div>\n<\/div><div id=\"column-69e9f2c39d949\" class=\"fw-col-sm-4 tf-sh-fe64dd907a85648ef3a32277fcc146ea  fw-animated-element\" data-animation-type=\"fadeInUp\" data-animation-delay=\"300\">\n\t<div class=\"fw-wrap-col-inner clearfix\"   >\n\t\t\t\t<div class=\"fw-col-inner\">\n\t\t\t<div class=\"fw-iconbox clearfix tf-sh-77d5ded5ce75a001f685f104b035fe0a fw-iconbox-3 fw-icon-right  bg-on icon-circle\" >\n\t<div class=\"fw-iconbox-image  fw_theme_bg_color_1\" style=\"\">\n\t\t\t\t\t<i class=\"fa fa-users\" style=\"color:#ffffff;\"><\/i>\n\t\t\t<\/div>\n\n\t<div class=\"fw-iconbox-aside\">\n\t\t\t\t\t<div class=\"fw-iconbox-title\">\n\t\t\t\t<h5>Datenschutzerkl\u00e4rung f\u00fcr Bewerbende und Mitarbeitende der K\u00fcng Rechtsanw\u00e4lte & Notare AG<\/h5>\n\t\t\t<\/div>\n\t\t\n\t\t\t\t\t<div class=\"fw-iconbox-text\">\n\t\t\t\t<p>Vorliegend handelt es sich um unsere Datenschutzerkl\u00e4rung f\u00fcr Mitarbeitende und Bewerbende bei der K\u00fcng Rechtsanw\u00e4lte &amp; Notare AG (nachstehend auch \u00abK\u00fcng Rechtsanw\u00e4lte\u00bb, \u00abwir\u00bb, \u00abuns\u00bb). Wenn Sie in keinem Besch\u00e4ftigungsverh\u00e4ltnis mit uns stehen bzw. sich nicht in einem Bewerbungsprozess bei der K\u00fcng Rechtsanw\u00e4lte &amp; Notare AG befinden, lesen Sie bitte unsere allgemeine Datenschutzerkl\u00e4rung.<\/p>\t\t\t<\/div>\n\t\t\n\t\t\t<\/div>\n<\/div>\t<a href=\"https:\/\/dev.kuenglaw-sg.ch\/datenschutzerklaerung-fuer-bewerbende-und-mitarbeitende\/\" target=\"_self\" class=\"fw-btn tf-sh-7035eee1d41e2ee6e0189a59dde60588  fw-btn-md   fw-btn-side-by-side fw-btn-1\"  style=\"\">\n\t\t<span >\n\t\t\tMehr dazu\t\t<\/span>\n\t<\/a>\n\t\t<\/div>\n\t<\/div>\n<\/div><\/div>\n\n\t<\/div>\n\t<\/section><\/p>","protected":false},"excerpt":{"rendered":"<p>Datenschutz Datenschutz liegt uns am Herzen, deswegen haben wir uns auch intensiv mit diesem Thema befasst und eine allgemeine Datenschutzerkl\u00e4rung sowie f\u00fcr unsere Bewerber &amp; Mitarbeitenden nach dem neuen Datenschutzgesetz erstellt. Die beiden Versionen k\u00f6nnen untestehend eingsehen werden: Allgemeine Datenschutzerkl\u00e4rung der K\u00fcng Rechtsanw\u00e4lte &#038; Notare AG K\u00fcng Rechtsanw\u00e4lte &amp; Notare AG (nachstehend auch \u00abK\u00fcng Rechtsanw\u00e4lte\u00bb, [&hellip;]<\/p>\n","protected":false},"author":1,"featured_media":0,"parent":0,"menu_order":0,"comment_status":"closed","ping_status":"closed","template":"visual-builder-template.php","meta":{"_acf_changed":false,"footnotes":""},"class_list":["post-17680","page","type-page","status-publish","hentry"],"acf":[],"brizy_media":[],"_links":{"self":[{"href":"https:\/\/dev.kuenglaw-sg.ch\/en\/wp-json\/wp\/v2\/pages\/17680","targetHints":{"allow":["GET"]}}],"collection":[{"href":"https:\/\/dev.kuenglaw-sg.ch\/en\/wp-json\/wp\/v2\/pages"}],"about":[{"href":"https:\/\/dev.kuenglaw-sg.ch\/en\/wp-json\/wp\/v2\/types\/page"}],"author":[{"embeddable":true,"href":"https:\/\/dev.kuenglaw-sg.ch\/en\/wp-json\/wp\/v2\/users\/1"}],"replies":[{"embeddable":true,"href":"https:\/\/dev.kuenglaw-sg.ch\/en\/wp-json\/wp\/v2\/comments?post=17680"}],"version-history":[{"count":7,"href":"https:\/\/dev.kuenglaw-sg.ch\/en\/wp-json\/wp\/v2\/pages\/17680\/revisions"}],"predecessor-version":[{"id":17687,"href":"https:\/\/dev.kuenglaw-sg.ch\/en\/wp-json\/wp\/v2\/pages\/17680\/revisions\/17687"}],"wp:attachment":[{"href":"https:\/\/dev.kuenglaw-sg.ch\/en\/wp-json\/wp\/v2\/media?parent=17680"}],"curies":[{"name":"wp","href":"https:\/\/api.w.org\/{rel}","templated":true}]}}