{"id":11712,"date":"2021-03-30T14:40:09","date_gmt":"2021-03-30T14:40:09","guid":{"rendered":"https:\/\/dev.kuenglaw-sg.ch\/?page_id=11712"},"modified":"2021-05-11T18:12:19","modified_gmt":"2021-05-11T16:12:19","slug":"strafrecht","status":"publish","type":"page","link":"https:\/\/dev.kuenglaw-sg.ch\/en\/leistungen\/strafrecht\/","title":{"rendered":"Criminal Law"},"content":{"rendered":"<p><section   class=\"fw-main-row-custom fw-main-row-top fw-section-no-padding  fw_theme_bg_fw-custom fw-section-image auto fw-content-vertical-align-middle fw-section-position-back tf-sh-dee7fe190e3c39774e6a9e7f8a1b9594 dienstleistungen-header\"  style=\" background-image:url(https:\/\/dev.kuenglaw-sg.ch\/wp-content\/uploads\/2020\/12\/kueng_rechtsanwaelte_slider_4.jpg); background-repeat: no-repeat; background-position: center top; background-size: cover;\"  >\n\t\t<div class=\"fw-main-row-overlay fw_theme_bg_color_1\" style=\"opacity: 0.07;\"><\/div>\t<div class=\"fw-container-fluid\" >\n\t\t<div class=\"fw-row\">\n\t<div id=\"column-69e760915ff06\" class=\"fw-col-sm-12 tf-sh-0058226f30f48a5ded6b7cd3aebd6332\" >\n\t<div class=\"fw-wrap-col-inner clearfix\"   >\n\t\t\t\t<div class=\"fw-col-inner\">\n\t\t\t<div class=\"fw-text-box tf-sh-c487d4c2df505210c5bd9253f242c504\" >\n\t<div class=\"fw-text-inner\">\n\t\t<p style=\"text-align: center;\">Services<\/p>\n\t<\/div>\n<\/div>\t\t<\/div>\n\t<\/div>\n<\/div><\/div>\n\n\t<\/div>\n\t<\/section><section   class=\"fw-main-row-custom fw-section-no-padding  auto  fw-section-position-back tf-sh-ca0c569b7505ded5339f83846ea26318\"    >\n\t\t\t<div class=\"fw-container\" >\n\t\t<div class=\"fw-row\">\n\t<div id=\"column-69e7609160ca8\" class=\"fw-col-sm-4 fw-mobile-hide-element tf-sh-bd205a19257e8fc6aac86bcdd85dfd47 services__sidebar\" >\n\t<div class=\"fw-wrap-col-inner clearfix\"   >\n\t\t\t\t<div class=\"fw-col-inner\">\n\t\t\t<div class=\"fw-heading fw-heading-left  tf-sh-ee6248f515b21e4cf41a89a2f397be7f\" >\n\t\t\t<h4 class=\"fw-special-title\">Services<\/h4>\n\t\n\t\n\t<\/div><div class=\"shortcode-widget-area col-sm-12 fw-sidebar\" >\n\t<div class=\"fw-col-inner\">\n\t\t<aside id=\"nav_menu-4\" class=\"widget widget_nav_menu\"><div class=\"menu-services-de-container\"><ul id=\"menu-services-de\" class=\"menu\"><li id=\"menu-item-11742\" class=\"menu-item menu-item-type-post_type menu-item-object-page menu-item-11742\"><a href=\"https:\/\/dev.kuenglaw-sg.ch\/en\/leistungen\/arbeitsrecht-und-oeffentliches-personalrecht\/\" >Labour Law and Public Employment Law<\/a><\/li>\n<li id=\"menu-item-11743\" class=\"menu-item menu-item-type-post_type menu-item-object-page menu-item-11743\"><a href=\"https:\/\/dev.kuenglaw-sg.ch\/en\/leistungen\/bau-planungs-und-strassenrecht\/\" >Construction, Planning and Road Transport Law<\/a><\/li>\n<li id=\"menu-item-11744\" class=\"menu-item menu-item-type-post_type menu-item-object-page menu-item-11744\"><a href=\"https:\/\/dev.kuenglaw-sg.ch\/en\/leistungen\/familienrecht\/\" >Familienrecht<\/a><\/li>\n<li id=\"menu-item-11745\" class=\"menu-item menu-item-type-post_type menu-item-object-page menu-item-11745\"><a href=\"https:\/\/dev.kuenglaw-sg.ch\/en\/leistungen\/gesellschafts-und-handelsrecht\/\" >Corporate and Commercial Law<\/a><\/li>\n<li id=\"menu-item-11746\" class=\"menu-item menu-item-type-post_type menu-item-object-page menu-item-11746\"><a href=\"https:\/\/dev.kuenglaw-sg.ch\/en\/leistungen\/gruendungszentrum-fuer-unternehmen\/\" >Incubator for Businesses<\/a><\/li>\n<li id=\"menu-item-11747\" class=\"menu-item menu-item-type-post_type menu-item-object-page menu-item-11747\"><a href=\"https:\/\/dev.kuenglaw-sg.ch\/en\/leistungen\/immaterialgueter-und-wettbewerbsrecht\/\" >Intellectual Property and Competition Law<\/a><\/li>\n<li id=\"menu-item-11748\" class=\"menu-item menu-item-type-post_type menu-item-object-page menu-item-11748\"><a href=\"https:\/\/dev.kuenglaw-sg.ch\/en\/leistungen\/haftpflicht-und-versicherungsrecht\/\" >Liability and Insurance Law<\/a><\/li>\n<li id=\"menu-item-11749\" class=\"menu-item menu-item-type-post_type menu-item-object-page menu-item-11749\"><a href=\"https:\/\/dev.kuenglaw-sg.ch\/en\/leistungen\/immobilien-und-mietrecht\/\" >Property and Tenancy Law<\/a><\/li>\n<li id=\"menu-item-11750\" class=\"menu-item menu-item-type-post_type menu-item-object-page menu-item-11750\"><a href=\"https:\/\/dev.kuenglaw-sg.ch\/en\/leistungen\/internationales-privatrecht\/\" >International Private Law<\/a><\/li>\n<li id=\"menu-item-11751\" class=\"menu-item menu-item-type-post_type menu-item-object-page menu-item-11751\"><a href=\"https:\/\/dev.kuenglaw-sg.ch\/en\/leistungen\/kmu\/\" >SMEs<\/a><\/li>\n<li id=\"menu-item-11769\" class=\"menu-item menu-item-type-post_type menu-item-object-page menu-item-11769\"><a href=\"https:\/\/dev.kuenglaw-sg.ch\/en\/leistungen\/erbrecht-nachlassplanung\/\" >Erbrecht &#038; Nachlassplanung<\/a><\/li>\n<li id=\"menu-item-11753\" class=\"menu-item menu-item-type-post_type menu-item-object-page menu-item-11753\"><a href=\"https:\/\/dev.kuenglaw-sg.ch\/en\/leistungen\/notariat\/\" >Notary<\/a><\/li>\n<li id=\"menu-item-11754\" class=\"menu-item menu-item-type-post_type menu-item-object-page menu-item-11754\"><a href=\"https:\/\/dev.kuenglaw-sg.ch\/en\/leistungen\/prozessfuehrung-vor-saemtlichen-instanzen\/\" >Litigation Before all Instances<\/a><\/li>\n<li id=\"menu-item-11755\" class=\"menu-item menu-item-type-post_type menu-item-object-page menu-item-11755\"><a href=\"https:\/\/dev.kuenglaw-sg.ch\/en\/leistungen\/staats-und-gemeinderecht\/\" >State and Local Law<\/a><\/li>\n<li id=\"menu-item-11756\" class=\"menu-item menu-item-type-post_type menu-item-object-page menu-item-11756\"><a href=\"https:\/\/dev.kuenglaw-sg.ch\/en\/leistungen\/steuerrecht-und-abgaberecht\/\" >Tax and Contribution Law<\/a><\/li>\n<li id=\"menu-item-11757\" class=\"menu-item menu-item-type-post_type menu-item-object-page menu-item-11757\"><a href=\"https:\/\/dev.kuenglaw-sg.ch\/en\/leistungen\/strafrecht\/\" >Criminal Law<\/a><\/li>\n<li id=\"menu-item-11758\" class=\"menu-item menu-item-type-post_type menu-item-object-page menu-item-11758\"><a href=\"https:\/\/dev.kuenglaw-sg.ch\/en\/leistungen\/strassenverkehrsrecht\/\" >Road Traffic Law<\/a><\/li>\n<li id=\"menu-item-11759\" class=\"menu-item menu-item-type-post_type menu-item-object-page menu-item-11759\"><a href=\"https:\/\/dev.kuenglaw-sg.ch\/en\/leistungen\/vertraege\/\" >Vertr\u00e4ge<\/a><\/li>\n<\/ul><\/div><\/aside><aside id=\"media_image-2\" class=\"widget widget_media_image\"><a href=\"https:\/\/www.warwicklegal.com\/\" target=\"_blank\"><img loading=\"lazy\" decoding=\"async\" width=\"228\" height=\"50\" src=\"https:\/\/dev.kuenglaw-sg.ch\/wp-content\/uploads\/2018\/01\/warwick_logo.png\" class=\"image wp-image-2790  attachment-full size-full\" alt=\"\" style=\"max-width: 100%; height: auto;\" \/><\/a><\/aside><aside id=\"nav_menu-3\" class=\"widget widget_nav_menu\"><div class=\"menu-footer-menu-container\"><ul id=\"menu-footer-menu\" class=\"menu\"><li id=\"menu-item-2768\" class=\"menu-item menu-item-type-post_type menu-item-object-page menu-item-2768\"><a href=\"https:\/\/dev.kuenglaw-sg.ch\/en\/ueber-uns\/\" >About us<\/a><\/li>\n<li id=\"menu-item-2771\" class=\"menu-item menu-item-type-post_type menu-item-object-page menu-item-2771\"><a href=\"https:\/\/dev.kuenglaw-sg.ch\/en\/team\/\" >Team<\/a><\/li>\n<li id=\"menu-item-2770\" class=\"menu-item menu-item-type-post_type menu-item-object-page menu-item-2770\"><a href=\"https:\/\/dev.kuenglaw-sg.ch\/en\/leistungen\/\" >Services<\/a><\/li>\n<li id=\"menu-item-2766\" class=\"menu-item menu-item-type-post_type menu-item-object-page current_page_parent menu-item-2766\"><a href=\"https:\/\/dev.kuenglaw-sg.ch\/en\/news\/\" >News<\/a><\/li>\n<li id=\"menu-item-2765\" class=\"menu-item menu-item-type-post_type menu-item-object-page menu-item-2765\"><a href=\"https:\/\/dev.kuenglaw-sg.ch\/en\/downloads\/\" >Downloads<\/a><\/li>\n<li id=\"menu-item-2767\" class=\"menu-item menu-item-type-post_type menu-item-object-page menu-item-2767\"><a href=\"https:\/\/dev.kuenglaw-sg.ch\/en\/kontakt\/\" >Contact<\/a><\/li>\n<\/ul><\/div><\/aside>\t<\/div>\n<\/div>\t<div  class=\"fw-divider tf-sh-6fa976eed5720a78e8d748190c5bf76a  fw-divider-align-left fw-divider-full-width fw-line-solid fw-divider-line space-md  fw_theme_border_only_fw-custom\"  style=\"width: auto;  \" ><\/div>\n<div class=\"fw-heading fw-heading-left  tf-sh-d0094c56259174fe9fa37be8511d13ce\" >\n\t\t\t<h4 class=\"fw-special-title\">Contact<\/h4>\n\t\n\t\n\t<\/div><div class=\"fw-text-box tf-sh-18bab63b7b658212c91766a13746ef21\" >\n\t<div class=\"fw-text-inner\">\n\t\t<p><a href=\"mailto:info@dev.kuenglaw-sg.ch\" target=\"_blank\" rel=\"noopener\">info@dev.kuenglaw-sg.ch<\/a><\/p>\n<p><a href=\"tel:0041713800750\" target=\"_blank\" rel=\"noopener\">+41 (0) 71 380 07 50<\/a><\/p>\n\t<\/div>\n<\/div>\t\t<\/div>\n\t<\/div>\n<\/div><div id=\"column-69e7609170c26\" class=\"fw-col-sm-8 tf-sh-fe64dd907a85648ef3a32277fcc146ea  fw-animated-element\" data-animation-type=\"fadeInUp\" data-animation-delay=\"300\">\n\t<div class=\"fw-wrap-col-inner clearfix\"   >\n\t\t\t\t<div class=\"fw-col-inner\">\n\t\t\t<div class=\"fw-heading fw-heading-left  tf-sh-f0818e111f1d3d07946d8fce953bc7ce\" >\n\t\t\t<h1 class=\"fw-special-title\">Criminal Law<\/h1>\n\t\n\t\n\t<\/div><div class=\"fw-list list-default  tf-sh-7e06de636493ced60de31c1d5f251749 dl_list\" >\n\t<ul>\n\t\t\n\t\t\t\n\t\t\t\t<li>\n\t\t\t\t\tBeratung und Vertretung der beschuldigten Person im Strafverfahren (inkl. Steuerstrafverfahren)\n\t\t\t\t\t\t\t\t\t<\/li>\n\n\t\t\t\n\t\t\t\t<li>\n\t\t\t\t\tBeratung und Vertretung des Opfers im Strafverfahren \n\t\t\t\t\t\t\t\t\t<\/li>\n\n\t\t\t\n\t\t\t\t<li>\n\t\t\t\t\tBeratung und Vertretung des Privatkl\u00e4gers im Strafverfahren \n\t\t\t\t\t\t\t\t\t<\/li>\n\n\t\t\t\t\t\t<\/ul>\n<\/div><div class=\"fw-text-box tf-sh-fe376e0dfc7f28b6774a15c291e588b6\" >\n\t<div class=\"fw-text-inner\">\n\t\t<p>Gegen Sie wurde ein Strafverfahren eingeleitet? Sie wurden in Untersuchungshaft gesetzt? Jemand stellt Ihnen nach und Sie wissen nicht wie weiter? Sie sind Privatkl\u00e4ger in einem Strafverfahren und ben\u00f6tigen Unterst\u00fctzung? <\/p>\n<p>Unsere Anw\u00e4ltinnen und Anw\u00e4lte stehen Ihnen in s\u00e4mtlichen Angelegenheiten des Strafrechts mit kompetentem Fachwissen zur Seite. <\/p>\n<p>Wir sind routiniert in der Vertretung beschuldigter Personen in Strafverfahren aller Art, inkl. Verfahren des Strassenverkehrsrechts, des Wirtschaftsstrafrechts und des Steuerstrafrechts. <\/p>\n<p>Als Pikettanw\u00e4lte des St. Gallischen Anwaltsverbandes kommen wir oft bereits ganz zu Beginn des Strafverfahrens zum Einsatz. Dadurch k\u00f6nnen wir das taktische Vorgehen mit Ihnen fr\u00fchzeitig besprechen und festlegen und so eine optimale Strafverteidigung gew\u00e4hrleisten. Ebenfalls \u00fcbernehmen wir regelm\u00e4ssig Opfervertretungen oder die anwaltliche Vertretung der Privatkl\u00e4gerschaft im Strafverfahren. <\/p>\n<p>Gerne er\u00f6rtern wir die fallspezifische Problemstellung bei einem Beratungsgespr\u00e4ch bei uns in der Kanzlei und erarbeiten eine auf Ihr Anliegen abgestimmte L\u00f6sung.<\/p>\n\t<\/div>\n<\/div>\t<div  class=\"fw-divider tf-sh-8196de86deee2127fcaf640b2f3a4257  fw-mobile-hide-element fw-divider-align-left fw-divider-full-width fw-line-solid fw-divider-line space-md  fw_theme_border_only_fw-custom\"  style=\"width: auto;  \" ><\/div>\n<div class=\"fw-raw-code  fw-mobile-hide-element\">\n\t\n<div class=\"wpcf7 no-js\" id=\"wpcf7-f11012-o1\" lang=\"de-CH\" dir=\"ltr\" data-wpcf7-id=\"11012\">\n<div class=\"screen-reader-response\"><p role=\"status\" aria-live=\"polite\" aria-atomic=\"true\"><\/p> <ul><\/ul><\/div>\n<form action=\"\/en\/wp-json\/wp\/v2\/pages\/11712#wpcf7-f11012-o1\" method=\"post\" class=\"wpcf7-form init\" aria-label=\"Contact form\" novalidate=\"novalidate\" data-status=\"init\" data-trp-original-action=\"\/en\/wp-json\/wp\/v2\/pages\/11712#wpcf7-f11012-o1\">\n<fieldset class=\"hidden-fields-container\"><input type=\"hidden\" name=\"_wpcf7\" value=\"11012\" \/><input type=\"hidden\" name=\"_wpcf7_version\" value=\"6.1.5\" \/><input type=\"hidden\" name=\"_wpcf7_locale\" value=\"de_CH\" \/><input type=\"hidden\" name=\"_wpcf7_unit_tag\" value=\"wpcf7-f11012-o1\" \/><input type=\"hidden\" name=\"_wpcf7_container_post\" value=\"0\" \/><input type=\"hidden\" name=\"_wpcf7_posted_data_hash\" value=\"\" \/><input type=\"hidden\" name=\"_wpcf7_recaptcha_response\" value=\"\" \/>\n<\/fieldset>\n<p><label for=\"message\">Your message<\/label><br \/>\n<span class=\"wpcf7-form-control-wrap\" data-name=\"message\"><textarea cols=\"10\" rows=\"4\" maxlength=\"2000\" class=\"wpcf7-form-control wpcf7-textarea wpcf7-validates-as-required\" aria-required=\"true\" aria-invalid=\"false\" name=\"message\"><\/textarea><\/span><br \/>\n<label for=\"the_name\">Name*<\/label><br \/>\n<span class=\"wpcf7-form-control-wrap\" data-name=\"the_name\"><input size=\"40\" maxlength=\"400\" class=\"wpcf7-form-control wpcf7-text wpcf7-validates-as-required\" aria-required=\"true\" aria-invalid=\"false\" value=\"\" type=\"text\" name=\"the_name\" \/><\/span><br \/>\n<label for=\"telefon\">Phone*<\/label><br \/>\n<span class=\"wpcf7-form-control-wrap\" data-name=\"telefon\"><input size=\"40\" maxlength=\"400\" class=\"wpcf7-form-control wpcf7-text wpcf7-validates-as-required\" aria-required=\"true\" aria-invalid=\"false\" value=\"\" type=\"text\" name=\"telefon\" \/><\/span><br \/>\n<label for=\"email\">E-mail*<\/label><br \/>\n<span class=\"wpcf7-form-control-wrap\" data-name=\"email\"><input size=\"40\" maxlength=\"400\" class=\"wpcf7-form-control wpcf7-email wpcf7-validates-as-required wpcf7-text wpcf7-validates-as-email\" aria-required=\"true\" aria-invalid=\"false\" value=\"\" type=\"email\" name=\"email\" \/><\/span>\n<\/p>\n<div class=\"send\">\n\t<p><input class=\"wpcf7-form-control wpcf7-submit has-spinner\" type=\"submit\" value=\"Send\" \/>\n\t<\/p>\n<\/div><div class=\"wpcf7-response-output\" aria-hidden=\"true\"><\/div>\n<input type=\"hidden\" name=\"trp-form-language\" value=\"en\"\/><\/form>\n<\/div>\n<\/div>\t\t<\/div>\n\t<\/div>\n<\/div><\/div>\n\n\t<\/div>\n\t<\/section><section   class=\"fw-main-row  auto  fw-section-position-back\"    >\n\t\t\t<div class=\"fw-container\" >\n\t\t<div class=\"fw-row\">\n\t<div id=\"column-69e7609174ea8\" class=\"fw-tablet-hide-element fw-col-sm-12 fw-desktop-hide-element fw-tablet-landscape-hide-element tf-sh-2a7175d132a137a205fcdd80565a39d7 mobile__contact-box\" >\n\t<div class=\"fw-wrap-col-inner clearfix\"   >\n\t\t\t\t<div class=\"fw-col-inner\">\n\t\t\t<div class=\"fw-heading fw-heading-left  tf-sh-e8cb86e71f7b0aafc8b0c403212cb910\" >\n\t\t\t<h4 class=\"fw-special-title\">Contact<\/h4>\n\t\n\t\n\t<\/div><div class=\"fw-text-box tf-sh-83213227f322c9d0d81b156cc28d6007\" >\n\t<div class=\"fw-text-inner\">\n\t\t<p><a href=\"mailto:info@dev.kuenglaw-sg.ch\" target=\"_blank\" rel=\"noopener\">info@dev.kuenglaw-sg.ch<\/a><\/p>\n<p><a href=\"tel:0041713800750\" target=\"_blank\" rel=\"noopener\">+41 (0) 71 380 07 50<\/a><\/p>\n\t<\/div>\n<\/div><div class=\"fw-raw-code\">\n\t\n<div class=\"wpcf7 no-js\" id=\"wpcf7-f11012-o2\" lang=\"de-CH\" dir=\"ltr\" data-wpcf7-id=\"11012\">\n<div class=\"screen-reader-response\"><p role=\"status\" aria-live=\"polite\" aria-atomic=\"true\"><\/p> <ul><\/ul><\/div>\n<form action=\"\/en\/wp-json\/wp\/v2\/pages\/11712#wpcf7-f11012-o2\" method=\"post\" class=\"wpcf7-form init\" aria-label=\"Contact form\" novalidate=\"novalidate\" data-status=\"init\" data-trp-original-action=\"\/en\/wp-json\/wp\/v2\/pages\/11712#wpcf7-f11012-o2\">\n<fieldset class=\"hidden-fields-container\"><input type=\"hidden\" name=\"_wpcf7\" value=\"11012\" \/><input type=\"hidden\" name=\"_wpcf7_version\" value=\"6.1.5\" \/><input type=\"hidden\" name=\"_wpcf7_locale\" value=\"de_CH\" \/><input type=\"hidden\" name=\"_wpcf7_unit_tag\" value=\"wpcf7-f11012-o2\" \/><input type=\"hidden\" name=\"_wpcf7_container_post\" value=\"0\" \/><input type=\"hidden\" name=\"_wpcf7_posted_data_hash\" value=\"\" \/><input type=\"hidden\" name=\"_wpcf7_recaptcha_response\" value=\"\" \/>\n<\/fieldset>\n<p><label for=\"message\">Your message<\/label><br \/>\n<span class=\"wpcf7-form-control-wrap\" data-name=\"message\"><textarea cols=\"10\" rows=\"4\" maxlength=\"2000\" class=\"wpcf7-form-control wpcf7-textarea wpcf7-validates-as-required\" aria-required=\"true\" aria-invalid=\"false\" name=\"message\"><\/textarea><\/span><br \/>\n<label for=\"the_name\">Name*<\/label><br \/>\n<span class=\"wpcf7-form-control-wrap\" data-name=\"the_name\"><input size=\"40\" maxlength=\"400\" class=\"wpcf7-form-control wpcf7-text wpcf7-validates-as-required\" aria-required=\"true\" aria-invalid=\"false\" value=\"\" type=\"text\" name=\"the_name\" \/><\/span><br \/>\n<label for=\"telefon\">Phone*<\/label><br \/>\n<span class=\"wpcf7-form-control-wrap\" data-name=\"telefon\"><input size=\"40\" maxlength=\"400\" class=\"wpcf7-form-control wpcf7-text wpcf7-validates-as-required\" aria-required=\"true\" aria-invalid=\"false\" value=\"\" type=\"text\" name=\"telefon\" \/><\/span><br \/>\n<label for=\"email\">E-mail*<\/label><br \/>\n<span class=\"wpcf7-form-control-wrap\" data-name=\"email\"><input size=\"40\" maxlength=\"400\" class=\"wpcf7-form-control wpcf7-email wpcf7-validates-as-required wpcf7-text wpcf7-validates-as-email\" aria-required=\"true\" aria-invalid=\"false\" value=\"\" type=\"email\" name=\"email\" \/><\/span>\n<\/p>\n<div class=\"send\">\n\t<p><input class=\"wpcf7-form-control wpcf7-submit has-spinner\" type=\"submit\" value=\"Send\" \/>\n\t<\/p>\n<\/div><div class=\"wpcf7-response-output\" aria-hidden=\"true\"><\/div>\n<input type=\"hidden\" name=\"trp-form-language\" value=\"en\"\/><\/form>\n<\/div>\n<\/div>\t<div  class=\"fw-divider tf-sh-0601f2a432cf98438f300924c6dc819c  fw-divider-align-left fw-divider-full-width fw-line-solid fw-divider-line space-md  fw_theme_border_only_fw-custom\"  style=\"width: auto;  \" ><\/div>\n<div class=\"fw-heading fw-heading-left  tf-sh-154adefbb72a01b8beb93600e722d92b\" >\n\t\t\t<h4 class=\"fw-special-title\">Services<\/h4>\n\t\n\t\n\t<\/div><div class=\"shortcode-widget-area col-sm-12 fw-sidebar\" >\n\t<div class=\"fw-col-inner\">\n\t\t<aside id=\"nav_menu-4\" class=\"widget widget_nav_menu\"><div class=\"menu-services-de-container\"><ul id=\"menu-services-de-1\" class=\"menu\"><li class=\"menu-item menu-item-type-post_type menu-item-object-page menu-item-11742\"><a href=\"https:\/\/dev.kuenglaw-sg.ch\/en\/leistungen\/arbeitsrecht-und-oeffentliches-personalrecht\/\" >Labour Law and Public Employment Law<\/a><\/li>\n<li class=\"menu-item menu-item-type-post_type menu-item-object-page menu-item-11743\"><a href=\"https:\/\/dev.kuenglaw-sg.ch\/en\/leistungen\/bau-planungs-und-strassenrecht\/\" >Construction, Planning and Road Transport Law<\/a><\/li>\n<li class=\"menu-item menu-item-type-post_type menu-item-object-page menu-item-11744\"><a href=\"https:\/\/dev.kuenglaw-sg.ch\/en\/leistungen\/familienrecht\/\" >Familienrecht<\/a><\/li>\n<li class=\"menu-item menu-item-type-post_type menu-item-object-page menu-item-11745\"><a href=\"https:\/\/dev.kuenglaw-sg.ch\/en\/leistungen\/gesellschafts-und-handelsrecht\/\" >Corporate and Commercial Law<\/a><\/li>\n<li class=\"menu-item menu-item-type-post_type menu-item-object-page menu-item-11746\"><a href=\"https:\/\/dev.kuenglaw-sg.ch\/en\/leistungen\/gruendungszentrum-fuer-unternehmen\/\" >Incubator for Businesses<\/a><\/li>\n<li class=\"menu-item menu-item-type-post_type menu-item-object-page menu-item-11747\"><a href=\"https:\/\/dev.kuenglaw-sg.ch\/en\/leistungen\/immaterialgueter-und-wettbewerbsrecht\/\" >Intellectual Property and Competition Law<\/a><\/li>\n<li class=\"menu-item menu-item-type-post_type menu-item-object-page menu-item-11748\"><a href=\"https:\/\/dev.kuenglaw-sg.ch\/en\/leistungen\/haftpflicht-und-versicherungsrecht\/\" >Liability and Insurance Law<\/a><\/li>\n<li class=\"menu-item menu-item-type-post_type menu-item-object-page menu-item-11749\"><a href=\"https:\/\/dev.kuenglaw-sg.ch\/en\/leistungen\/immobilien-und-mietrecht\/\" >Property and Tenancy Law<\/a><\/li>\n<li class=\"menu-item menu-item-type-post_type menu-item-object-page menu-item-11750\"><a href=\"https:\/\/dev.kuenglaw-sg.ch\/en\/leistungen\/internationales-privatrecht\/\" >International Private Law<\/a><\/li>\n<li class=\"menu-item menu-item-type-post_type menu-item-object-page menu-item-11751\"><a href=\"https:\/\/dev.kuenglaw-sg.ch\/en\/leistungen\/kmu\/\" >SMEs<\/a><\/li>\n<li class=\"menu-item menu-item-type-post_type menu-item-object-page menu-item-11769\"><a href=\"https:\/\/dev.kuenglaw-sg.ch\/en\/leistungen\/erbrecht-nachlassplanung\/\" >Erbrecht &#038; Nachlassplanung<\/a><\/li>\n<li class=\"menu-item menu-item-type-post_type menu-item-object-page menu-item-11753\"><a href=\"https:\/\/dev.kuenglaw-sg.ch\/en\/leistungen\/notariat\/\" >Notary<\/a><\/li>\n<li class=\"menu-item menu-item-type-post_type menu-item-object-page menu-item-11754\"><a href=\"https:\/\/dev.kuenglaw-sg.ch\/en\/leistungen\/prozessfuehrung-vor-saemtlichen-instanzen\/\" >Litigation Before all Instances<\/a><\/li>\n<li class=\"menu-item menu-item-type-post_type menu-item-object-page menu-item-11755\"><a href=\"https:\/\/dev.kuenglaw-sg.ch\/en\/leistungen\/staats-und-gemeinderecht\/\" >State and Local Law<\/a><\/li>\n<li class=\"menu-item menu-item-type-post_type menu-item-object-page menu-item-11756\"><a href=\"https:\/\/dev.kuenglaw-sg.ch\/en\/leistungen\/steuerrecht-und-abgaberecht\/\" >Tax and Contribution Law<\/a><\/li>\n<li class=\"menu-item menu-item-type-post_type menu-item-object-page menu-item-11757\"><a href=\"https:\/\/dev.kuenglaw-sg.ch\/en\/leistungen\/strafrecht\/\" >Criminal Law<\/a><\/li>\n<li class=\"menu-item menu-item-type-post_type menu-item-object-page menu-item-11758\"><a href=\"https:\/\/dev.kuenglaw-sg.ch\/en\/leistungen\/strassenverkehrsrecht\/\" >Road Traffic Law<\/a><\/li>\n<li class=\"menu-item menu-item-type-post_type menu-item-object-page menu-item-11759\"><a href=\"https:\/\/dev.kuenglaw-sg.ch\/en\/leistungen\/vertraege\/\" >Vertr\u00e4ge<\/a><\/li>\n<\/ul><\/div><\/aside><aside id=\"media_image-2\" class=\"widget widget_media_image\"><a href=\"https:\/\/www.warwicklegal.com\/\" target=\"_blank\"><img loading=\"lazy\" decoding=\"async\" width=\"228\" height=\"50\" src=\"https:\/\/dev.kuenglaw-sg.ch\/wp-content\/uploads\/2018\/01\/warwick_logo.png\" class=\"image wp-image-2790  attachment-full size-full\" alt=\"\" style=\"max-width: 100%; height: auto;\" \/><\/a><\/aside><aside id=\"nav_menu-3\" class=\"widget widget_nav_menu\"><div class=\"menu-footer-menu-container\"><ul id=\"menu-footer-menu-1\" class=\"menu\"><li class=\"menu-item menu-item-type-post_type menu-item-object-page menu-item-2768\"><a href=\"https:\/\/dev.kuenglaw-sg.ch\/en\/ueber-uns\/\" >About us<\/a><\/li>\n<li class=\"menu-item menu-item-type-post_type menu-item-object-page menu-item-2771\"><a href=\"https:\/\/dev.kuenglaw-sg.ch\/en\/team\/\" >Team<\/a><\/li>\n<li class=\"menu-item menu-item-type-post_type menu-item-object-page menu-item-2770\"><a href=\"https:\/\/dev.kuenglaw-sg.ch\/en\/leistungen\/\" >Services<\/a><\/li>\n<li class=\"menu-item menu-item-type-post_type menu-item-object-page current_page_parent menu-item-2766\"><a href=\"https:\/\/dev.kuenglaw-sg.ch\/en\/news\/\" >News<\/a><\/li>\n<li class=\"menu-item menu-item-type-post_type menu-item-object-page menu-item-2765\"><a href=\"https:\/\/dev.kuenglaw-sg.ch\/en\/downloads\/\" >Downloads<\/a><\/li>\n<li class=\"menu-item menu-item-type-post_type menu-item-object-page menu-item-2767\"><a href=\"https:\/\/dev.kuenglaw-sg.ch\/en\/kontakt\/\" >Contact<\/a><\/li>\n<\/ul><\/div><\/aside>\t<\/div>\n<\/div>\t\t<\/div>\n\t<\/div>\n<\/div><\/div>\n\n\t<\/div>\n\t<\/section><\/p>","protected":false},"excerpt":{"rendered":"<p>Dienstleistungen Dienstleistungen Arbeitsrecht und \u00f6ffentliches Personalrecht Bau-, Planungs- und Strassenrecht Familienrecht Gesellschafts- und Handelsrecht Gr\u00fcndungszentrum f\u00fcr Unternehmen Immaterialg\u00fcter- und Wettbewerbsrecht Haftpflicht- und Versicherungsrecht Immobilien- und Mietrecht Internationales Privatrecht KMU Erbrecht &#038; Nachlassplanung Notariat Prozessf\u00fchrung vor s\u00e4mtlichen Instanzen Staats- und Gemeinderecht Steuerrecht und Abgaberecht Strafrecht Strassenverkehrsrecht Vertr\u00e4ge \u00dcber uns Team Dienstleistungen News Downloads Kontakt Kontakt info@dev.kuenglaw-sg.ch [&hellip;]<\/p>\n","protected":false},"author":4,"featured_media":0,"parent":1299,"menu_order":160,"comment_status":"closed","ping_status":"closed","template":"visual-builder-template.php","meta":{"_acf_changed":false,"footnotes":""},"class_list":["post-11712","page","type-page","status-publish","hentry"],"acf":[],"brizy_media":[],"_links":{"self":[{"href":"https:\/\/dev.kuenglaw-sg.ch\/en\/wp-json\/wp\/v2\/pages\/11712","targetHints":{"allow":["GET"]}}],"collection":[{"href":"https:\/\/dev.kuenglaw-sg.ch\/en\/wp-json\/wp\/v2\/pages"}],"about":[{"href":"https:\/\/dev.kuenglaw-sg.ch\/en\/wp-json\/wp\/v2\/types\/page"}],"author":[{"embeddable":true,"href":"https:\/\/dev.kuenglaw-sg.ch\/en\/wp-json\/wp\/v2\/users\/4"}],"replies":[{"embeddable":true,"href":"https:\/\/dev.kuenglaw-sg.ch\/en\/wp-json\/wp\/v2\/comments?post=11712"}],"version-history":[{"count":4,"href":"https:\/\/dev.kuenglaw-sg.ch\/en\/wp-json\/wp\/v2\/pages\/11712\/revisions"}],"predecessor-version":[{"id":11998,"href":"https:\/\/dev.kuenglaw-sg.ch\/en\/wp-json\/wp\/v2\/pages\/11712\/revisions\/11998"}],"up":[{"embeddable":true,"href":"https:\/\/dev.kuenglaw-sg.ch\/en\/wp-json\/wp\/v2\/pages\/1299"}],"wp:attachment":[{"href":"https:\/\/dev.kuenglaw-sg.ch\/en\/wp-json\/wp\/v2\/media?parent=11712"}],"curies":[{"name":"wp","href":"https:\/\/api.w.org\/{rel}","templated":true}]}}